{"id":5996,"date":"2025-09-30T17:50:10","date_gmt":"2025-09-30T17:50:10","guid":{"rendered":"https:\/\/starcoffee.ar\/tienda\/?post_type=product&#038;p=5996"},"modified":"2025-09-30T17:50:10","modified_gmt":"2025-09-30T17:50:10","slug":"frigo-compresor-saeco-fr7l-n-para-mantener-la-leche-fresca","status":"publish","type":"product","link":"https:\/\/starcoffee.ar\/tienda\/product\/frigo-compresor-saeco-fr7l-n-para-mantener-la-leche-fresca\/","title":{"rendered":"Frigo Compresor Saeco Fr7l-n Para Mantener La Leche Fresca"},"content":{"rendered":"<h2 data-start=\"233\" data-end=\"293\">\ud83e\uddca Frigo Saeco FR7L-N \u2013 Enfriador de leche profesional 7L<\/h2>\n<p data-start=\"295\" data-end=\"364\">\u00a1Manten\u00e9 la leche siempre fresca y lista para tu cafetera autom\u00e1tica!<\/p>\n<p data-start=\"366\" data-end=\"608\">El <strong data-start=\"369\" data-end=\"379\">FR7L-N<\/strong> de <strong data-start=\"383\" data-end=\"392\">Saeco<\/strong> es un enfriador de leche de alto rendimiento, ideal para cafeter\u00edas, oficinas, locales gastron\u00f3micos o entornos profesionales donde se requiere higiene y temperatura constante en la preparaci\u00f3n de bebidas con leche.<\/p>\n<h3 data-start=\"615\" data-end=\"651\">\u2705 <strong data-start=\"621\" data-end=\"651\">CARACTER\u00cdSTICAS DESTACADAS<\/strong><\/h3>\n<ul data-start=\"652\" data-end=\"881\">\n<li data-start=\"652\" data-end=\"682\">\n<p data-start=\"654\" data-end=\"682\">\u2744\ufe0f <strong data-start=\"657\" data-end=\"680\">Capacidad: 7 litros<\/strong><\/p>\n<\/li>\n<li data-start=\"683\" data-end=\"717\">\n<p data-start=\"685\" data-end=\"717\">\ud83d\udca1 <strong data-start=\"688\" data-end=\"715\">Iluminaci\u00f3n LED interna<\/strong><\/p>\n<\/li>\n<li data-start=\"718\" data-end=\"766\">\n<p data-start=\"720\" data-end=\"766\">\ud83d\udd0d <strong data-start=\"723\" data-end=\"764\">Puerta frontal de vidrio transparente<\/strong><\/p>\n<\/li>\n<li data-start=\"767\" data-end=\"845\">\n<p data-start=\"769\" data-end=\"845\">\ud83e\udde9 <strong data-start=\"772\" data-end=\"843\">Orificios de entrada para tubo de leche a dos alturas (ambos lados)<\/strong><\/p>\n<\/li>\n<li data-start=\"846\" data-end=\"881\">\n<p data-start=\"848\" data-end=\"881\">\u2696\ufe0f <strong data-start=\"851\" data-end=\"881\">Patas regulables en altura<\/strong><\/p>\n<\/li>\n<\/ul>\n<hr data-start=\"883\" data-end=\"886\" \/>\n<h3 data-start=\"888\" data-end=\"924\">\ud83d\udcd0 <strong data-start=\"895\" data-end=\"924\">ESPECIFICACIONES T\u00c9CNICAS<\/strong><\/h3>\n<ul data-start=\"925\" data-end=\"1097\">\n<li data-start=\"925\" data-end=\"964\">\n<p data-start=\"927\" data-end=\"964\">Dimensiones: <strong data-start=\"940\" data-end=\"962\">220 x 376 x 452 mm<\/strong><\/p>\n<\/li>\n<li data-start=\"965\" data-end=\"984\">\n<p data-start=\"967\" data-end=\"984\">Peso: <strong data-start=\"973\" data-end=\"982\">16 kg<\/strong><\/p>\n<\/li>\n<li data-start=\"985\" data-end=\"1018\">\n<p data-start=\"987\" data-end=\"1018\">Voltaje: <strong data-start=\"996\" data-end=\"1016\">220\u2013240V \/ 50 Hz<\/strong><\/p>\n<\/li>\n<li data-start=\"1019\" data-end=\"1039\">\n<p data-start=\"1021\" data-end=\"1039\">Consumo: <strong data-start=\"1030\" data-end=\"1037\">55W<\/strong><\/p>\n<\/li>\n<li data-start=\"1040\" data-end=\"1071\">\n<p data-start=\"1042\" data-end=\"1071\">Tipo de fr\u00edo: <strong data-start=\"1056\" data-end=\"1069\">Compresor<\/strong><\/p>\n<\/li>\n<li data-start=\"1072\" data-end=\"1097\">\n<p data-start=\"1074\" data-end=\"1097\">Refrigerante: <strong data-start=\"1088\" data-end=\"1097\">R600a<\/strong><\/p>\n<\/li>\n<\/ul>\n<hr data-start=\"1099\" data-end=\"1102\" \/>\n<p data-start=\"1104\" data-end=\"1264\">\u2705 Compatible con cafeteras autom\u00e1ticas que utilicen sistema de leche externo.<br data-start=\"1181\" data-end=\"1184\" \/>\ud83d\udce6 Producto nuevo y original, con garant\u00eda oficial.<br data-start=\"1235\" data-end=\"1238\" \/>\ud83d\ude9a \u00a1Env\u00edos a todo el pa\u00eds!<\/p>\n","protected":false},"excerpt":{"rendered":"<p data-start=\"295\" data-end=\"364\">\u00a1Manten\u00e9 la leche siempre fresca y lista para tu cafetera autom\u00e1tica!<\/p>\n<p data-start=\"366\" data-end=\"608\">El <strong data-start=\"369\" data-end=\"379\">FR7L-N<\/strong> de <strong data-start=\"383\" data-end=\"392\">Saeco<\/strong> es un enfriador de leche de alto rendimiento, ideal para cafeter\u00edas, oficinas, locales gastron\u00f3micos o entornos profesionales donde se requiere higiene y temperatura constante en la preparaci\u00f3n de bebidas con leche.<\/p>\n","protected":false},"featured_media":6000,"comment_status":"open","ping_status":"closed","template":"","meta":{"_surecart_dashboard_logo_width":"180px","_surecart_dashboard_show_logo":true,"_surecart_dashboard_navigation_orders":true,"_surecart_dashboard_navigation_invoices":true,"_surecart_dashboard_navigation_subscriptions":true,"_surecart_dashboard_navigation_downloads":true,"_surecart_dashboard_navigation_billing":true,"_surecart_dashboard_navigation_account":true,"_uag_custom_page_level_css":"","site-sidebar-layout":"default","site-content-layout":"","ast-site-content-layout":"default","site-content-style":"default","site-sidebar-style":"default","ast-global-header-display":"","ast-banner-title-visibility":"","ast-main-header-display":"","ast-hfb-above-header-display":"","ast-hfb-below-header-display":"","ast-hfb-mobile-header-display":"","site-post-title":"","ast-breadcrumbs-content":"","ast-featured-img":"","footer-sml-layout":"","ast-disable-related-posts":"","theme-transparent-header-meta":"default","adv-header-id-meta":"","stick-header-meta":"","header-above-stick-meta":"","header-main-stick-meta":"","header-below-stick-meta":"","astra-migrate-meta-layouts":"set","ast-page-background-enabled":"default","ast-page-background-meta":{"desktop":{"background-color":"","background-image":"","background-repeat":"repeat","background-position":"center center","background-size":"auto","background-attachment":"scroll","background-type":"","background-media":"","overlay-type":"","overlay-color":"","overlay-opacity":"","overlay-gradient":""},"tablet":{"background-color":"","background-image":"","background-repeat":"repeat","background-position":"center center","background-size":"auto","background-attachment":"scroll","background-type":"","background-media":"","overlay-type":"","overlay-color":"","overlay-opacity":"","overlay-gradient":""},"mobile":{"background-color":"","background-image":"","background-repeat":"repeat","background-position":"center center","background-size":"auto","background-attachment":"scroll","background-type":"","background-media":"","overlay-type":"","overlay-color":"","overlay-opacity":"","overlay-gradient":""}},"ast-content-background-meta":{"desktop":{"background-color":"var(--ast-global-color-5)","background-image":"","background-repeat":"repeat","background-position":"center center","background-size":"auto","background-attachment":"scroll","background-type":"","background-media":"","overlay-type":"","overlay-color":"","overlay-opacity":"","overlay-gradient":""},"tablet":{"background-color":"var(--ast-global-color-5)","background-image":"","background-repeat":"repeat","background-position":"center center","background-size":"auto","background-attachment":"scroll","background-type":"","background-media":"","overlay-type":"","overlay-color":"","overlay-opacity":"","overlay-gradient":""},"mobile":{"background-color":"var(--ast-global-color-5)","background-image":"","background-repeat":"repeat","background-position":"center center","background-size":"auto","background-attachment":"scroll","background-type":"","background-media":"","overlay-type":"","overlay-color":"","overlay-opacity":"","overlay-gradient":""}},"_joinchat":[]},"product_brand":[53],"product_cat":[59,55],"product_tag":[],"class_list":{"0":"post-5996","1":"product","2":"type-product","3":"status-publish","4":"has-post-thumbnail","6":"product_brand-saeco","7":"product_cat-accesorios","8":"product_cat-saeco","9":"desktop-align-center","10":"tablet-align-center","11":"mobile-align-center","13":"first","14":"instock","15":"shipping-taxable","16":"purchasable","17":"product-type-simple"},"uagb_featured_image_src":{"full":["https:\/\/starcoffee.ar\/tienda\/wp-content\/uploads\/2025\/09\/frigo5.png",766,759,false],"thumbnail":["https:\/\/starcoffee.ar\/tienda\/wp-content\/uploads\/2025\/09\/frigo5-150x150.png",150,150,true],"medium":["https:\/\/starcoffee.ar\/tienda\/wp-content\/uploads\/2025\/09\/frigo5-300x297.png",300,297,true],"medium_large":["https:\/\/starcoffee.ar\/tienda\/wp-content\/uploads\/2025\/09\/frigo5.png",766,759,false],"large":["https:\/\/starcoffee.ar\/tienda\/wp-content\/uploads\/2025\/09\/frigo5.png",766,759,false],"1536x1536":["https:\/\/starcoffee.ar\/tienda\/wp-content\/uploads\/2025\/09\/frigo5.png",766,759,false],"2048x2048":["https:\/\/starcoffee.ar\/tienda\/wp-content\/uploads\/2025\/09\/frigo5.png",766,759,false],"woocommerce_thumbnail":["https:\/\/starcoffee.ar\/tienda\/wp-content\/uploads\/2025\/09\/frigo5-300x300.png",300,300,true],"woocommerce_single":["https:\/\/starcoffee.ar\/tienda\/wp-content\/uploads\/2025\/09\/frigo5-600x595.png",600,595,true],"woocommerce_gallery_thumbnail":["https:\/\/starcoffee.ar\/tienda\/wp-content\/uploads\/2025\/09\/frigo5-100x100.png",100,100,true]},"uagb_author_info":{"display_name":"admin","author_link":"https:\/\/starcoffee.ar\/tienda\/author\/"},"uagb_comment_info":0,"uagb_excerpt":"\u00a1Manten\u00e9 la leche siempre fresca y lista para tu cafetera autom\u00e1tica! El FR7L-N de Saeco es un enfriador de leche de alto rendimiento, ideal para cafeter\u00edas, oficinas, locales gastron\u00f3micos o entornos profesionales donde se requiere higiene y temperatura constante en la preparaci\u00f3n de bebidas con leche.","_links":{"self":[{"href":"https:\/\/starcoffee.ar\/tienda\/wp-json\/wp\/v2\/product\/5996","targetHints":{"allow":["GET"]}}],"collection":[{"href":"https:\/\/starcoffee.ar\/tienda\/wp-json\/wp\/v2\/product"}],"about":[{"href":"https:\/\/starcoffee.ar\/tienda\/wp-json\/wp\/v2\/types\/product"}],"replies":[{"embeddable":true,"href":"https:\/\/starcoffee.ar\/tienda\/wp-json\/wp\/v2\/comments?post=5996"}],"wp:featuredmedia":[{"embeddable":true,"href":"https:\/\/starcoffee.ar\/tienda\/wp-json\/wp\/v2\/media\/6000"}],"wp:attachment":[{"href":"https:\/\/starcoffee.ar\/tienda\/wp-json\/wp\/v2\/media?parent=5996"}],"wp:term":[{"taxonomy":"product_brand","embeddable":true,"href":"https:\/\/starcoffee.ar\/tienda\/wp-json\/wp\/v2\/product_brand?post=5996"},{"taxonomy":"product_cat","embeddable":true,"href":"https:\/\/starcoffee.ar\/tienda\/wp-json\/wp\/v2\/product_cat?post=5996"},{"taxonomy":"product_tag","embeddable":true,"href":"https:\/\/starcoffee.ar\/tienda\/wp-json\/wp\/v2\/product_tag?post=5996"}],"curies":[{"name":"wp","href":"https:\/\/api.w.org\/{rel}","templated":true}]}}