{"id":5957,"date":"2025-08-07T14:01:33","date_gmt":"2025-08-07T14:01:33","guid":{"rendered":"https:\/\/starcoffee.ar\/tienda\/?post_type=product&#038;p=5957"},"modified":"2026-02-18T14:18:04","modified_gmt":"2026-02-18T14:18:04","slug":"monaco-mini-pro","status":"publish","type":"product","link":"https:\/\/starcoffee.ar\/tienda\/product\/monaco-mini-pro\/","title":{"rendered":"M\u00f3naco Mini-PRO"},"content":{"rendered":"<h3 data-start=\"215\" data-end=\"286\">Cafetera autom\u00e1tica \u2013 Caf\u00e9 de calidad profesional con solo un bot\u00f3n<\/h3>\n<p data-start=\"288\" data-end=\"485\">La M\u00f3naco Mini Pro 1 es la soluci\u00f3n ideal para oficinas, negocios o amantes del buen caf\u00e9 en casa. Su sistema <strong data-start=\"398\" data-end=\"411\">One-Touch<\/strong> permite preparar caf\u00e9, capuccino, latte y m\u00e1s de forma r\u00e1pida y sencilla.<\/p>\n<hr data-start=\"487\" data-end=\"490\" \/>\n<h3 data-start=\"492\" data-end=\"523\">\ud83d\udd27 Caracter\u00edsticas t\u00e9cnicas<\/h3>\n<ul data-start=\"524\" data-end=\"923\">\n<li data-start=\"524\" data-end=\"547\">\n<p data-start=\"526\" data-end=\"547\"><strong data-start=\"526\" data-end=\"539\">Potencia:<\/strong> 1250W<\/p>\n<\/li>\n<li data-start=\"548\" data-end=\"572\">\n<p data-start=\"550\" data-end=\"572\"><strong data-start=\"550\" data-end=\"565\">Frecuencia:<\/strong> 50Hz<\/p>\n<\/li>\n<li data-start=\"573\" data-end=\"605\">\n<p data-start=\"575\" data-end=\"605\"><strong data-start=\"575\" data-end=\"594\">Tanque de agua:<\/strong> 2 litros<\/p>\n<\/li>\n<li data-start=\"1071\" data-end=\"1106\">\n<p data-start=\"1073\" data-end=\"1106\"><strong>Dimensiones<\/strong>: 438 x 280 x 368 mm<\/p>\n<\/li>\n<li data-start=\"606\" data-end=\"639\">\n<p data-start=\"608\" data-end=\"639\"><strong data-start=\"608\" data-end=\"631\">Dep\u00f3sito de granos:<\/strong> 300 g<\/p>\n<\/li>\n<li data-start=\"640\" data-end=\"687\">\n<p data-start=\"642\" data-end=\"687\"><strong data-start=\"642\" data-end=\"673\">Altura de salida ajustable:<\/strong> 80 a 140 mm<\/p>\n<\/li>\n<li data-start=\"688\" data-end=\"728\">\n<p data-start=\"690\" data-end=\"728\"><strong data-start=\"690\" data-end=\"716\">Temperatura ajustable:<\/strong> 70 a 90\u00b0C<\/p>\n<\/li>\n<li data-start=\"729\" data-end=\"776\">\n<p data-start=\"731\" data-end=\"776\"><strong data-start=\"731\" data-end=\"763\">Bomba de agua italiana \u201cARS\u201d<\/strong> \u2013 19 bares<\/p>\n<\/li>\n<li data-start=\"777\" data-end=\"817\">\n<p data-start=\"779\" data-end=\"817\"><strong data-start=\"779\" data-end=\"815\">Medidor de flujo suizo \u201cDigmesa\u201d<\/strong><\/p>\n<\/li>\n<li data-start=\"818\" data-end=\"839\">\n<p data-start=\"820\" data-end=\"839\"><strong data-start=\"820\" data-end=\"837\">Doble caldera<\/strong><\/p>\n<\/li>\n<li data-start=\"840\" data-end=\"883\">\n<p data-start=\"842\" data-end=\"883\"><strong data-start=\"842\" data-end=\"881\">Pantalla t\u00e1ctil y men\u00fa en 8 idiomas<\/strong><\/p>\n<\/li>\n<li data-start=\"884\" data-end=\"923\">\n<p data-start=\"886\" data-end=\"923\"><strong data-start=\"886\" data-end=\"910\">Colores disponibles:<\/strong> gris\/negro<\/p>\n<\/li>\n<\/ul>\n<hr data-start=\"925\" data-end=\"928\" \/>\n<h3 data-start=\"930\" data-end=\"958\">\u2615 Funciones programables<\/h3>\n<ul data-start=\"959\" data-end=\"1078\">\n<li data-start=\"959\" data-end=\"982\">\n<p data-start=\"961\" data-end=\"982\">Caf\u00e9 simple y doble<\/p>\n<\/li>\n<li data-start=\"983\" data-end=\"996\">\n<p data-start=\"985\" data-end=\"996\">Capuccino<\/p>\n<\/li>\n<li data-start=\"997\" data-end=\"1016\">\n<p data-start=\"999\" data-end=\"1016\">Latte \/ Cortado<\/p>\n<\/li>\n<li data-start=\"1017\" data-end=\"1034\">\n<p data-start=\"1019\" data-end=\"1034\">Agua caliente<\/p>\n<\/li>\n<li data-start=\"1035\" data-end=\"1053\">\n<p data-start=\"1037\" data-end=\"1053\">Leche caliente<\/p>\n<\/li>\n<li data-start=\"1054\" data-end=\"1078\">\n<p data-start=\"1056\" data-end=\"1078\">Crema para art latte<\/p>\n<\/li>\n<\/ul>\n<hr data-start=\"1080\" data-end=\"1083\" \/>\n<h3 data-start=\"1085\" data-end=\"1112\">\u2705 Beneficios destacados<\/h3>\n<ul data-start=\"1113\" data-end=\"1344\">\n<li data-start=\"1113\" data-end=\"1162\">\n<p data-start=\"1115\" data-end=\"1162\">Limpieza autom\u00e1tica despu\u00e9s del uso con leche<\/p>\n<\/li>\n<li data-start=\"1163\" data-end=\"1188\">\n<p data-start=\"1165\" data-end=\"1188\">Encendido programable<\/p>\n<\/li>\n<li data-start=\"1189\" data-end=\"1211\">\n<p data-start=\"1191\" data-end=\"1211\">Molienda ajustable<\/p>\n<\/li>\n<li data-start=\"1212\" data-end=\"1230\">\n<p data-start=\"1214\" data-end=\"1230\">Calienta tazas<\/p>\n<\/li>\n<li data-start=\"1231\" data-end=\"1252\">\n<p data-start=\"1233\" data-end=\"1252\">Ahorro de energ\u00eda<\/p>\n<\/li>\n<li data-start=\"1253\" data-end=\"1308\">\n<p data-start=\"1255\" data-end=\"1308\">Bandeja, tanque de agua y unidad de caf\u00e9 extra\u00edbles<\/p>\n<\/li>\n<li data-start=\"1309\" data-end=\"1344\">\n<p data-start=\"1311\" data-end=\"1344\">Terminaci\u00f3n en acero inoxidable<\/p>\n<\/li>\n<\/ul>\n","protected":false},"excerpt":{"rendered":"<h3 data-start=\"215\" data-end=\"286\">Cafetera autom\u00e1tica \u2013 Caf\u00e9 de calidad profesional con solo un bot\u00f3n<\/h3>\n<p data-start=\"288\" data-end=\"485\">La M\u00f3naco Mini Pro 1 es la soluci\u00f3n ideal para oficinas, negocios o amantes del buen caf\u00e9 en casa. Su sistema <strong data-start=\"398\" data-end=\"411\">One-Touch<\/strong> permite preparar caf\u00e9, capuccino, latte y m\u00e1s de forma r\u00e1pida y sencilla.<\/p>\n","protected":false},"featured_media":5965,"comment_status":"open","ping_status":"closed","template":"","meta":{"_surecart_dashboard_logo_width":"180px","_surecart_dashboard_show_logo":true,"_surecart_dashboard_navigation_orders":true,"_surecart_dashboard_navigation_invoices":true,"_surecart_dashboard_navigation_subscriptions":true,"_surecart_dashboard_navigation_downloads":true,"_surecart_dashboard_navigation_billing":true,"_surecart_dashboard_navigation_account":true,"_uag_custom_page_level_css":"","site-sidebar-layout":"default","site-content-layout":"","ast-site-content-layout":"default","site-content-style":"default","site-sidebar-style":"default","ast-global-header-display":"","ast-banner-title-visibility":"","ast-main-header-display":"","ast-hfb-above-header-display":"","ast-hfb-below-header-display":"","ast-hfb-mobile-header-display":"","site-post-title":"","ast-breadcrumbs-content":"","ast-featured-img":"","footer-sml-layout":"","ast-disable-related-posts":"","theme-transparent-header-meta":"default","adv-header-id-meta":"","stick-header-meta":"","header-above-stick-meta":"","header-main-stick-meta":"","header-below-stick-meta":"","astra-migrate-meta-layouts":"set","ast-page-background-enabled":"default","ast-page-background-meta":{"desktop":{"background-color":"","background-image":"","background-repeat":"repeat","background-position":"center center","background-size":"auto","background-attachment":"scroll","background-type":"","background-media":"","overlay-type":"","overlay-color":"","overlay-opacity":"","overlay-gradient":""},"tablet":{"background-color":"","background-image":"","background-repeat":"repeat","background-position":"center center","background-size":"auto","background-attachment":"scroll","background-type":"","background-media":"","overlay-type":"","overlay-color":"","overlay-opacity":"","overlay-gradient":""},"mobile":{"background-color":"","background-image":"","background-repeat":"repeat","background-position":"center center","background-size":"auto","background-attachment":"scroll","background-type":"","background-media":"","overlay-type":"","overlay-color":"","overlay-opacity":"","overlay-gradient":""}},"ast-content-background-meta":{"desktop":{"background-color":"var(--ast-global-color-5)","background-image":"","background-repeat":"repeat","background-position":"center center","background-size":"auto","background-attachment":"scroll","background-type":"","background-media":"","overlay-type":"","overlay-color":"","overlay-opacity":"","overlay-gradient":""},"tablet":{"background-color":"var(--ast-global-color-5)","background-image":"","background-repeat":"repeat","background-position":"center center","background-size":"auto","background-attachment":"scroll","background-type":"","background-media":"","overlay-type":"","overlay-color":"","overlay-opacity":"","overlay-gradient":""},"mobile":{"background-color":"var(--ast-global-color-5)","background-image":"","background-repeat":"repeat","background-position":"center center","background-size":"auto","background-attachment":"scroll","background-type":"","background-media":"","overlay-type":"","overlay-color":"","overlay-opacity":"","overlay-gradient":""}},"_joinchat":[]},"product_brand":[60],"product_cat":[45,43,48,58,44],"product_tag":[],"class_list":{"0":"post-5957","1":"product","2":"type-product","3":"status-publish","4":"has-post-thumbnail","6":"product_brand-monaco","7":"product_cat-cafeterias","8":"product_cat-hogar","9":"product_cat-maquinas-de-cafe","10":"product_cat-monaco","11":"product_cat-oficinas","12":"desktop-align-center","13":"tablet-align-center","14":"mobile-align-center","16":"first","17":"instock","18":"shipping-taxable","19":"purchasable","20":"product-type-simple"},"uagb_featured_image_src":{"full":["https:\/\/starcoffee.ar\/tienda\/wp-content\/uploads\/2025\/08\/monaco-mini-pro-transparente.png",1024,1024,false],"thumbnail":["https:\/\/starcoffee.ar\/tienda\/wp-content\/uploads\/2025\/08\/monaco-mini-pro-transparente-150x150.png",150,150,true],"medium":["https:\/\/starcoffee.ar\/tienda\/wp-content\/uploads\/2025\/08\/monaco-mini-pro-transparente-300x300.png",300,300,true],"medium_large":["https:\/\/starcoffee.ar\/tienda\/wp-content\/uploads\/2025\/08\/monaco-mini-pro-transparente-768x768.png",768,768,true],"large":["https:\/\/starcoffee.ar\/tienda\/wp-content\/uploads\/2025\/08\/monaco-mini-pro-transparente.png",1024,1024,false],"1536x1536":["https:\/\/starcoffee.ar\/tienda\/wp-content\/uploads\/2025\/08\/monaco-mini-pro-transparente.png",1024,1024,false],"2048x2048":["https:\/\/starcoffee.ar\/tienda\/wp-content\/uploads\/2025\/08\/monaco-mini-pro-transparente.png",1024,1024,false],"woocommerce_thumbnail":["https:\/\/starcoffee.ar\/tienda\/wp-content\/uploads\/2025\/08\/monaco-mini-pro-transparente-300x300.png",300,300,true],"woocommerce_single":["https:\/\/starcoffee.ar\/tienda\/wp-content\/uploads\/2025\/08\/monaco-mini-pro-transparente-600x600.png",600,600,true],"woocommerce_gallery_thumbnail":["https:\/\/starcoffee.ar\/tienda\/wp-content\/uploads\/2025\/08\/monaco-mini-pro-transparente-100x100.png",100,100,true]},"uagb_author_info":{"display_name":"admin","author_link":"https:\/\/starcoffee.ar\/tienda\/author\/"},"uagb_comment_info":0,"uagb_excerpt":"Cafetera autom\u00e1tica \u2013 Caf\u00e9 de calidad profesional con solo un bot\u00f3n La M\u00f3naco Mini Pro 1 es la soluci\u00f3n ideal para oficinas, negocios o amantes del buen caf\u00e9 en casa. Su sistema One-Touch permite preparar caf\u00e9, capuccino, latte y m\u00e1s de forma r\u00e1pida y sencilla.","_links":{"self":[{"href":"https:\/\/starcoffee.ar\/tienda\/wp-json\/wp\/v2\/product\/5957","targetHints":{"allow":["GET"]}}],"collection":[{"href":"https:\/\/starcoffee.ar\/tienda\/wp-json\/wp\/v2\/product"}],"about":[{"href":"https:\/\/starcoffee.ar\/tienda\/wp-json\/wp\/v2\/types\/product"}],"replies":[{"embeddable":true,"href":"https:\/\/starcoffee.ar\/tienda\/wp-json\/wp\/v2\/comments?post=5957"}],"wp:featuredmedia":[{"embeddable":true,"href":"https:\/\/starcoffee.ar\/tienda\/wp-json\/wp\/v2\/media\/5965"}],"wp:attachment":[{"href":"https:\/\/starcoffee.ar\/tienda\/wp-json\/wp\/v2\/media?parent=5957"}],"wp:term":[{"taxonomy":"product_brand","embeddable":true,"href":"https:\/\/starcoffee.ar\/tienda\/wp-json\/wp\/v2\/product_brand?post=5957"},{"taxonomy":"product_cat","embeddable":true,"href":"https:\/\/starcoffee.ar\/tienda\/wp-json\/wp\/v2\/product_cat?post=5957"},{"taxonomy":"product_tag","embeddable":true,"href":"https:\/\/starcoffee.ar\/tienda\/wp-json\/wp\/v2\/product_tag?post=5957"}],"curies":[{"name":"wp","href":"https:\/\/api.w.org\/{rel}","templated":true}]}}