{"id":5949,"date":"2025-08-06T22:41:01","date_gmt":"2025-08-06T22:41:01","guid":{"rendered":"https:\/\/starcoffee.ar\/tienda\/?post_type=product&#038;p=5949"},"modified":"2026-02-18T14:18:26","modified_gmt":"2026-02-18T14:18:26","slug":"monaco-mini-pro-plus","status":"publish","type":"product","link":"https:\/\/starcoffee.ar\/tienda\/product\/monaco-mini-pro-plus\/","title":{"rendered":"M\u00f3naco Mini-PRO Plus"},"content":{"rendered":"<h3 data-start=\"200\" data-end=\"255\">Cafetera autom\u00e1tica profesional \u2013 Sistema One-Touch<\/h3>\n<p data-start=\"257\" data-end=\"379\">Disfrut\u00e1 caf\u00e9, cappuccino o latte con solo tocar un bot\u00f3n. Ideal para oficinas, comercios o amantes del buen caf\u00e9 en casa.<\/p>\n<hr data-start=\"381\" data-end=\"384\" \/>\n<h3 data-start=\"386\" data-end=\"417\">\ud83d\udd27 Caracter\u00edsticas t\u00e9cnicas<\/h3>\n<ul data-start=\"418\" data-end=\"819\">\n<li data-start=\"418\" data-end=\"441\">\n<p data-start=\"420\" data-end=\"441\"><strong data-start=\"420\" data-end=\"433\">Potencia:<\/strong> 1250W<\/p>\n<\/li>\n<li data-start=\"442\" data-end=\"467\">\n<p data-start=\"444\" data-end=\"467\"><strong data-start=\"444\" data-end=\"459\">Frecuencia:<\/strong> 50 Hz<\/p>\n<\/li>\n<li data-start=\"468\" data-end=\"507\">\n<p data-start=\"470\" data-end=\"507\"><strong data-start=\"470\" data-end=\"494\">Colores disponibles:<\/strong> gris\/negro<\/p>\n<\/li>\n<li data-start=\"508\" data-end=\"540\">\n<p data-start=\"510\" data-end=\"540\"><strong data-start=\"510\" data-end=\"529\">Tanque de agua:<\/strong> 2 litros<\/p>\n<\/li>\n<li data-start=\"508\" data-end=\"540\">\n<p data-start=\"510\" data-end=\"540\"><strong data-start=\"510\" data-end=\"529\">Dimensiones: <\/strong> 422 x 280 x 380 mm<\/p>\n<\/li>\n<li data-start=\"541\" data-end=\"579\">\n<p data-start=\"543\" data-end=\"579\"><strong data-start=\"543\" data-end=\"566\">Dep\u00f3sito de granos:<\/strong> 300 gramos<\/p>\n<\/li>\n<li data-start=\"580\" data-end=\"627\">\n<p data-start=\"582\" data-end=\"627\"><strong data-start=\"582\" data-end=\"613\">Altura de salida ajustable:<\/strong> 80 a 140 mm<\/p>\n<\/li>\n<li data-start=\"628\" data-end=\"669\">\n<p data-start=\"630\" data-end=\"669\"><strong data-start=\"630\" data-end=\"656\">Temperatura ajustable:<\/strong> 70 a 90 \u00b0C<\/p>\n<\/li>\n<li data-start=\"670\" data-end=\"724\">\n<p data-start=\"672\" data-end=\"724\"><strong data-start=\"672\" data-end=\"702\">Bomba de agua italiana ARS<\/strong> \u2013 19 bar de presi\u00f3n<\/p>\n<\/li>\n<li data-start=\"725\" data-end=\"763\">\n<p data-start=\"727\" data-end=\"763\"><strong data-start=\"727\" data-end=\"761\">Medidor de flujo suizo Digmesa<\/strong><\/p>\n<\/li>\n<li data-start=\"764\" data-end=\"785\">\n<p data-start=\"766\" data-end=\"785\"><strong data-start=\"766\" data-end=\"783\">Doble caldera<\/strong><\/p>\n<\/li>\n<li data-start=\"786\" data-end=\"819\">\n<p data-start=\"788\" data-end=\"819\"><strong data-start=\"788\" data-end=\"817\">Programaci\u00f3n en 8 idiomas<\/strong><\/p>\n<\/li>\n<\/ul>\n<hr data-start=\"821\" data-end=\"824\" \/>\n<h3 data-start=\"826\" data-end=\"854\">\u2615 Funciones programables<\/h3>\n<ul data-start=\"855\" data-end=\"983\">\n<li data-start=\"855\" data-end=\"878\">\n<p data-start=\"857\" data-end=\"878\">Caf\u00e9 simple y doble<\/p>\n<\/li>\n<li data-start=\"879\" data-end=\"898\">\n<p data-start=\"881\" data-end=\"898\">Latte \/ Cortado<\/p>\n<\/li>\n<li data-start=\"899\" data-end=\"912\">\n<p data-start=\"901\" data-end=\"912\">Capuccino<\/p>\n<\/li>\n<li data-start=\"913\" data-end=\"930\">\n<p data-start=\"915\" data-end=\"930\">Agua caliente<\/p>\n<\/li>\n<li data-start=\"931\" data-end=\"949\">\n<p data-start=\"933\" data-end=\"949\">Leche caliente<\/p>\n<\/li>\n<li data-start=\"950\" data-end=\"983\">\n<p data-start=\"952\" data-end=\"983\">Crema de leche para art latte<\/p>\n<\/li>\n<\/ul>\n<hr data-start=\"985\" data-end=\"988\" \/>\n<h3 data-start=\"990\" data-end=\"1022\">\u2705 Funcionalidades destacadas<\/h3>\n<ul data-start=\"1023\" data-end=\"1270\">\n<li data-start=\"1023\" data-end=\"1076\">\n<p data-start=\"1025\" data-end=\"1076\">Limpieza autom\u00e1tica al encender y tras usar leche<\/p>\n<\/li>\n<li data-start=\"1077\" data-end=\"1123\">\n<p data-start=\"1079\" data-end=\"1123\">Molienda ajustable y encendido programable<\/p>\n<\/li>\n<li data-start=\"1124\" data-end=\"1142\">\n<p data-start=\"1126\" data-end=\"1142\">Calienta tazas<\/p>\n<\/li>\n<li data-start=\"1143\" data-end=\"1176\">\n<p data-start=\"1145\" data-end=\"1176\">Programa de ahorro de energ\u00eda<\/p>\n<\/li>\n<li data-start=\"1177\" data-end=\"1212\">\n<p data-start=\"1179\" data-end=\"1212\">Terminaci\u00f3n en acero inoxidable<\/p>\n<\/li>\n<li data-start=\"1213\" data-end=\"1270\">\n<p data-start=\"1215\" data-end=\"1270\">Bandeja, dep\u00f3sito de agua y unidad de caf\u00e9 extra\u00edbles<\/p>\n<\/li>\n<\/ul>\n","protected":false},"excerpt":{"rendered":"<h3 data-start=\"200\" data-end=\"255\">Cafetera autom\u00e1tica profesional \u2013 Sistema One-Touch<\/h3>\n<p data-start=\"257\" data-end=\"379\">Disfrut\u00e1 caf\u00e9, cappuccino o latte con solo tocar un bot\u00f3n. Ideal para oficinas, comercios o amantes del buen caf\u00e9 en casa.<\/p>\n","protected":false},"featured_media":5977,"comment_status":"open","ping_status":"closed","template":"","meta":{"_surecart_dashboard_logo_width":"180px","_surecart_dashboard_show_logo":true,"_surecart_dashboard_navigation_orders":true,"_surecart_dashboard_navigation_invoices":true,"_surecart_dashboard_navigation_subscriptions":true,"_surecart_dashboard_navigation_downloads":true,"_surecart_dashboard_navigation_billing":true,"_surecart_dashboard_navigation_account":true,"_uag_custom_page_level_css":"","site-sidebar-layout":"default","site-content-layout":"","ast-site-content-layout":"default","site-content-style":"default","site-sidebar-style":"default","ast-global-header-display":"","ast-banner-title-visibility":"","ast-main-header-display":"","ast-hfb-above-header-display":"","ast-hfb-below-header-display":"","ast-hfb-mobile-header-display":"","site-post-title":"","ast-breadcrumbs-content":"","ast-featured-img":"","footer-sml-layout":"","ast-disable-related-posts":"","theme-transparent-header-meta":"default","adv-header-id-meta":"","stick-header-meta":"","header-above-stick-meta":"","header-main-stick-meta":"","header-below-stick-meta":"","astra-migrate-meta-layouts":"set","ast-page-background-enabled":"default","ast-page-background-meta":{"desktop":{"background-color":"","background-image":"","background-repeat":"repeat","background-position":"center center","background-size":"auto","background-attachment":"scroll","background-type":"","background-media":"","overlay-type":"","overlay-color":"","overlay-opacity":"","overlay-gradient":""},"tablet":{"background-color":"","background-image":"","background-repeat":"repeat","background-position":"center center","background-size":"auto","background-attachment":"scroll","background-type":"","background-media":"","overlay-type":"","overlay-color":"","overlay-opacity":"","overlay-gradient":""},"mobile":{"background-color":"","background-image":"","background-repeat":"repeat","background-position":"center center","background-size":"auto","background-attachment":"scroll","background-type":"","background-media":"","overlay-type":"","overlay-color":"","overlay-opacity":"","overlay-gradient":""}},"ast-content-background-meta":{"desktop":{"background-color":"var(--ast-global-color-5)","background-image":"","background-repeat":"repeat","background-position":"center center","background-size":"auto","background-attachment":"scroll","background-type":"","background-media":"","overlay-type":"","overlay-color":"","overlay-opacity":"","overlay-gradient":""},"tablet":{"background-color":"var(--ast-global-color-5)","background-image":"","background-repeat":"repeat","background-position":"center center","background-size":"auto","background-attachment":"scroll","background-type":"","background-media":"","overlay-type":"","overlay-color":"","overlay-opacity":"","overlay-gradient":""},"mobile":{"background-color":"var(--ast-global-color-5)","background-image":"","background-repeat":"repeat","background-position":"center center","background-size":"auto","background-attachment":"scroll","background-type":"","background-media":"","overlay-type":"","overlay-color":"","overlay-opacity":"","overlay-gradient":""}},"_joinchat":[]},"product_brand":[60],"product_cat":[45,43,48,58,44],"product_tag":[],"class_list":{"0":"post-5949","1":"product","2":"type-product","3":"status-publish","4":"has-post-thumbnail","6":"product_brand-monaco","7":"product_cat-cafeterias","8":"product_cat-hogar","9":"product_cat-maquinas-de-cafe","10":"product_cat-monaco","11":"product_cat-oficinas","12":"desktop-align-center","13":"tablet-align-center","14":"mobile-align-center","16":"first","17":"instock","18":"featured","19":"shipping-taxable","20":"purchasable","21":"product-type-simple"},"uagb_featured_image_src":{"full":["https:\/\/starcoffee.ar\/tienda\/wp-content\/uploads\/2025\/08\/monaco-mini-pro-plus-transparente.png",1024,1024,false],"thumbnail":["https:\/\/starcoffee.ar\/tienda\/wp-content\/uploads\/2025\/08\/monaco-mini-pro-plus-transparente-150x150.png",150,150,true],"medium":["https:\/\/starcoffee.ar\/tienda\/wp-content\/uploads\/2025\/08\/monaco-mini-pro-plus-transparente-300x300.png",300,300,true],"medium_large":["https:\/\/starcoffee.ar\/tienda\/wp-content\/uploads\/2025\/08\/monaco-mini-pro-plus-transparente-768x768.png",768,768,true],"large":["https:\/\/starcoffee.ar\/tienda\/wp-content\/uploads\/2025\/08\/monaco-mini-pro-plus-transparente.png",1024,1024,false],"1536x1536":["https:\/\/starcoffee.ar\/tienda\/wp-content\/uploads\/2025\/08\/monaco-mini-pro-plus-transparente.png",1024,1024,false],"2048x2048":["https:\/\/starcoffee.ar\/tienda\/wp-content\/uploads\/2025\/08\/monaco-mini-pro-plus-transparente.png",1024,1024,false],"woocommerce_thumbnail":["https:\/\/starcoffee.ar\/tienda\/wp-content\/uploads\/2025\/08\/monaco-mini-pro-plus-transparente-300x300.png",300,300,true],"woocommerce_single":["https:\/\/starcoffee.ar\/tienda\/wp-content\/uploads\/2025\/08\/monaco-mini-pro-plus-transparente-600x600.png",600,600,true],"woocommerce_gallery_thumbnail":["https:\/\/starcoffee.ar\/tienda\/wp-content\/uploads\/2025\/08\/monaco-mini-pro-plus-transparente-100x100.png",100,100,true]},"uagb_author_info":{"display_name":"admin","author_link":"https:\/\/starcoffee.ar\/tienda\/author\/"},"uagb_comment_info":4,"uagb_excerpt":"Cafetera autom\u00e1tica profesional \u2013 Sistema One-Touch Disfrut\u00e1 caf\u00e9, cappuccino o latte con solo tocar un bot\u00f3n. Ideal para oficinas, comercios o amantes del buen caf\u00e9 en casa.","_links":{"self":[{"href":"https:\/\/starcoffee.ar\/tienda\/wp-json\/wp\/v2\/product\/5949","targetHints":{"allow":["GET"]}}],"collection":[{"href":"https:\/\/starcoffee.ar\/tienda\/wp-json\/wp\/v2\/product"}],"about":[{"href":"https:\/\/starcoffee.ar\/tienda\/wp-json\/wp\/v2\/types\/product"}],"replies":[{"embeddable":true,"href":"https:\/\/starcoffee.ar\/tienda\/wp-json\/wp\/v2\/comments?post=5949"}],"wp:featuredmedia":[{"embeddable":true,"href":"https:\/\/starcoffee.ar\/tienda\/wp-json\/wp\/v2\/media\/5977"}],"wp:attachment":[{"href":"https:\/\/starcoffee.ar\/tienda\/wp-json\/wp\/v2\/media?parent=5949"}],"wp:term":[{"taxonomy":"product_brand","embeddable":true,"href":"https:\/\/starcoffee.ar\/tienda\/wp-json\/wp\/v2\/product_brand?post=5949"},{"taxonomy":"product_cat","embeddable":true,"href":"https:\/\/starcoffee.ar\/tienda\/wp-json\/wp\/v2\/product_cat?post=5949"},{"taxonomy":"product_tag","embeddable":true,"href":"https:\/\/starcoffee.ar\/tienda\/wp-json\/wp\/v2\/product_tag?post=5949"}],"curies":[{"name":"wp","href":"https:\/\/api.w.org\/{rel}","templated":true}]}}