{"id":5779,"date":"2025-06-18T20:16:16","date_gmt":"2025-06-18T20:16:16","guid":{"rendered":"https:\/\/starcoffee.ar\/tienda\/?post_type=product&#038;p=5779"},"modified":"2026-04-28T03:39:16","modified_gmt":"2026-04-28T03:39:16","slug":"saeco-royal-otc","status":"publish","type":"product","link":"https:\/\/starcoffee.ar\/tienda\/product\/saeco-royal-otc\/","title":{"rendered":"Saeco Royal OTC"},"content":{"rendered":"<h3 data-start=\"122\" data-end=\"206\"><strong data-start=\"126\" data-end=\"206\">Saeco Royal OTC \u2013 M\u00e1quina de Caf\u00e9 Superautom\u00e1tica con Capuccinador Integrado<\/strong><\/h3>\n<p data-start=\"208\" data-end=\"466\">La Saeco Royal OTC (One Touch Cappuccino) es la opci\u00f3n ideal para quienes buscan comodidad, calidad y versatilidad en cada taza. Pensada para oficinas, comercios o eventos, permite preparar bebidas con leche fresca autom\u00e1ticamente, con solo apretar un bot\u00f3n.<\/p>\n<h4 data-start=\"468\" data-end=\"505\"><strong data-start=\"473\" data-end=\"505\">Caracter\u00edsticas principales:<\/strong><\/h4>\n<ul data-start=\"506\" data-end=\"1044\">\n<li data-start=\"506\" data-end=\"597\">\n<p data-start=\"508\" data-end=\"597\"><strong data-start=\"508\" data-end=\"550\">One Touch Cappuccino \/ Latte Macchiato<\/strong>: preparaci\u00f3n autom\u00e1tica de bebidas con leche<\/p>\n<\/li>\n<li data-start=\"598\" data-end=\"639\">\n<p data-start=\"600\" data-end=\"639\"><strong data-start=\"600\" data-end=\"637\">Capuccinador autom\u00e1tico integrado<\/strong><\/p>\n<\/li>\n<li data-start=\"640\" data-end=\"697\">\n<p data-start=\"642\" data-end=\"697\"><strong data-start=\"642\" data-end=\"671\">Molinillo c\u00f3nico de acero<\/strong> con 8 niveles de ajuste<\/p>\n<\/li>\n<li data-start=\"698\" data-end=\"752\">\n<p data-start=\"700\" data-end=\"752\"><strong data-start=\"700\" data-end=\"728\">Pre-infusi\u00f3n electr\u00f3nica<\/strong> que optimiza el sabor<\/p>\n<\/li>\n<li data-start=\"753\" data-end=\"805\">\n<p data-start=\"755\" data-end=\"805\"><strong data-start=\"755\" data-end=\"782\">Grupo de caf\u00e9 extra\u00edble<\/strong> para limpieza r\u00e1pida<\/p>\n<\/li>\n<li data-start=\"806\" data-end=\"839\">\n<p data-start=\"808\" data-end=\"839\"><strong data-start=\"808\" data-end=\"837\">Dep\u00f3sito de agua de 2,5 L<\/strong><\/p>\n<\/li>\n<li data-start=\"840\" data-end=\"884\">\n<p data-start=\"842\" data-end=\"884\"><strong data-start=\"842\" data-end=\"882\">Contenedor de caf\u00e9 en grano de 600 g<\/strong><\/p>\n<\/li>\n<li data-start=\"885\" data-end=\"938\">\n<p data-start=\"887\" data-end=\"938\"><strong data-start=\"887\" data-end=\"936\">Contenedor de posos de caf\u00e9 para 18 servicios<\/strong><\/p>\n<\/li>\n<li data-start=\"939\" data-end=\"999\">\n<p data-start=\"941\" data-end=\"999\"><strong data-start=\"941\" data-end=\"997\">Altura regulable del pico de erogaci\u00f3n (75 a 160 mm)<\/strong><\/p>\n<\/li>\n<li data-start=\"1000\" data-end=\"1044\">\n<p data-start=\"1002\" data-end=\"1044\"><strong data-start=\"1002\" data-end=\"1042\">Interfaz gr\u00e1fica con \u00edconos y textos<\/strong><\/p>\n<\/li>\n<\/ul>\n<h4 data-start=\"1046\" data-end=\"1070\"><strong data-start=\"1051\" data-end=\"1070\">Datos t\u00e9cnicos:<\/strong><\/h4>\n<ul data-start=\"1071\" data-end=\"1224\">\n<li data-start=\"1071\" data-end=\"1106\">\n<p data-start=\"1073\" data-end=\"1106\">Dimensiones: 280 x 398 x 460 mm<\/p>\n<\/li>\n<li data-start=\"1107\" data-end=\"1122\">\n<p data-start=\"1109\" data-end=\"1122\">Peso: 10 kg<\/p>\n<\/li>\n<li data-start=\"1123\" data-end=\"1163\">\n<p data-start=\"1125\" data-end=\"1163\">Alimentaci\u00f3n: 230 V \/ 50 Hz \u2013 1400 W<\/p>\n<\/li>\n<li data-start=\"1164\" data-end=\"1202\">\n<p data-start=\"1166\" data-end=\"1202\">Sistema hidr\u00e1ulico: circuito \u00fanico<\/p>\n<\/li>\n<li data-start=\"1203\" data-end=\"1224\">\n<p data-start=\"1205\" data-end=\"1224\">Color: negro mate<\/p>\n<\/li>\n<\/ul>\n<h4 data-start=\"1226\" data-end=\"1280\"><strong data-start=\"1231\" data-end=\"1280\">Diferenciales clave respecto al modelo Black:<\/strong><\/h4>\n<ul data-start=\"1281\" data-end=\"1479\">\n<li data-start=\"1281\" data-end=\"1320\">\n<p data-start=\"1283\" data-end=\"1320\">Incluye <strong data-start=\"1291\" data-end=\"1318\">capuccinador autom\u00e1tico<\/strong><\/p>\n<\/li>\n<li data-start=\"1321\" data-end=\"1393\">\n<p data-start=\"1323\" data-end=\"1393\">Permite preparar bebidas con leche de forma completamente autom\u00e1tica<\/p>\n<\/li>\n<li data-start=\"1394\" data-end=\"1479\">\n<p data-start=\"1396\" data-end=\"1479\">Ideal para quienes desean caf\u00e9 espresso, cappuccino o latte sin intervenci\u00f3n manual<\/p>\n<\/li>\n<\/ul>\n","protected":false},"excerpt":{"rendered":"<p data-start=\"208\" data-end=\"466\">La Saeco Royal OTC (One Touch Cappuccino) es la opci\u00f3n ideal para quienes buscan comodidad, calidad y versatilidad en cada taza. Pensada para oficinas, comercios o eventos, permite preparar bebidas con leche fresca autom\u00e1ticamente, con solo apretar un bot\u00f3n.<\/p>\n","protected":false},"featured_media":5836,"comment_status":"open","ping_status":"closed","template":"","meta":{"_surecart_dashboard_logo_width":"180px","_surecart_dashboard_show_logo":true,"_surecart_dashboard_navigation_orders":true,"_surecart_dashboard_navigation_invoices":true,"_surecart_dashboard_navigation_subscriptions":true,"_surecart_dashboard_navigation_downloads":true,"_surecart_dashboard_navigation_billing":true,"_surecart_dashboard_navigation_account":true,"_uag_custom_page_level_css":"","site-sidebar-layout":"default","site-content-layout":"","ast-site-content-layout":"default","site-content-style":"default","site-sidebar-style":"default","ast-global-header-display":"","ast-banner-title-visibility":"","ast-main-header-display":"","ast-hfb-above-header-display":"","ast-hfb-below-header-display":"","ast-hfb-mobile-header-display":"","site-post-title":"","ast-breadcrumbs-content":"","ast-featured-img":"","footer-sml-layout":"","ast-disable-related-posts":"","theme-transparent-header-meta":"default","adv-header-id-meta":"","stick-header-meta":"","header-above-stick-meta":"","header-main-stick-meta":"","header-below-stick-meta":"","astra-migrate-meta-layouts":"set","ast-page-background-enabled":"default","ast-page-background-meta":{"desktop":{"background-color":"","background-image":"","background-repeat":"repeat","background-position":"center center","background-size":"auto","background-attachment":"scroll","background-type":"","background-media":"","overlay-type":"","overlay-color":"","overlay-opacity":"","overlay-gradient":""},"tablet":{"background-color":"","background-image":"","background-repeat":"repeat","background-position":"center center","background-size":"auto","background-attachment":"scroll","background-type":"","background-media":"","overlay-type":"","overlay-color":"","overlay-opacity":"","overlay-gradient":""},"mobile":{"background-color":"","background-image":"","background-repeat":"repeat","background-position":"center center","background-size":"auto","background-attachment":"scroll","background-type":"","background-media":"","overlay-type":"","overlay-color":"","overlay-opacity":"","overlay-gradient":""}},"ast-content-background-meta":{"desktop":{"background-color":"var(--ast-global-color-5)","background-image":"","background-repeat":"repeat","background-position":"center center","background-size":"auto","background-attachment":"scroll","background-type":"","background-media":"","overlay-type":"","overlay-color":"","overlay-opacity":"","overlay-gradient":""},"tablet":{"background-color":"var(--ast-global-color-5)","background-image":"","background-repeat":"repeat","background-position":"center center","background-size":"auto","background-attachment":"scroll","background-type":"","background-media":"","overlay-type":"","overlay-color":"","overlay-opacity":"","overlay-gradient":""},"mobile":{"background-color":"var(--ast-global-color-5)","background-image":"","background-repeat":"repeat","background-position":"center center","background-size":"auto","background-attachment":"scroll","background-type":"","background-media":"","overlay-type":"","overlay-color":"","overlay-opacity":"","overlay-gradient":""}},"_joinchat":[]},"product_brand":[53],"product_cat":[45,43,48,44,55],"product_tag":[],"class_list":{"0":"post-5779","1":"product","2":"type-product","3":"status-publish","4":"has-post-thumbnail","6":"product_brand-saeco","7":"product_cat-cafeterias","8":"product_cat-hogar","9":"product_cat-maquinas-de-cafe","10":"product_cat-oficinas","11":"product_cat-saeco","12":"desktop-align-center","13":"tablet-align-center","14":"mobile-align-center","16":"first","17":"instock","18":"shipping-taxable","19":"purchasable","20":"product-type-simple"},"uagb_featured_image_src":{"full":["https:\/\/starcoffee.ar\/tienda\/wp-content\/uploads\/2025\/06\/royal-otc-1_no_bg.png",358,500,false],"thumbnail":["https:\/\/starcoffee.ar\/tienda\/wp-content\/uploads\/2025\/06\/royal-otc-1_no_bg-150x150.png",150,150,true],"medium":["https:\/\/starcoffee.ar\/tienda\/wp-content\/uploads\/2025\/06\/royal-otc-1_no_bg-215x300.png",215,300,true],"medium_large":["https:\/\/starcoffee.ar\/tienda\/wp-content\/uploads\/2025\/06\/royal-otc-1_no_bg.png",358,500,false],"large":["https:\/\/starcoffee.ar\/tienda\/wp-content\/uploads\/2025\/06\/royal-otc-1_no_bg.png",358,500,false],"1536x1536":["https:\/\/starcoffee.ar\/tienda\/wp-content\/uploads\/2025\/06\/royal-otc-1_no_bg.png",358,500,false],"2048x2048":["https:\/\/starcoffee.ar\/tienda\/wp-content\/uploads\/2025\/06\/royal-otc-1_no_bg.png",358,500,false],"woocommerce_thumbnail":["https:\/\/starcoffee.ar\/tienda\/wp-content\/uploads\/2025\/06\/royal-otc-1_no_bg-300x300.png",300,300,true],"woocommerce_single":["https:\/\/starcoffee.ar\/tienda\/wp-content\/uploads\/2025\/06\/royal-otc-1_no_bg.png",358,500,false],"woocommerce_gallery_thumbnail":["https:\/\/starcoffee.ar\/tienda\/wp-content\/uploads\/2025\/06\/royal-otc-1_no_bg-100x100.png",100,100,true]},"uagb_author_info":{"display_name":"admin","author_link":"https:\/\/starcoffee.ar\/tienda\/author\/"},"uagb_comment_info":2,"uagb_excerpt":"La Saeco Royal OTC (One Touch Cappuccino) es la opci\u00f3n ideal para quienes buscan comodidad, calidad y versatilidad en cada taza. Pensada para oficinas, comercios o eventos, permite preparar bebidas con leche fresca autom\u00e1ticamente, con solo apretar un bot\u00f3n.","_links":{"self":[{"href":"https:\/\/starcoffee.ar\/tienda\/wp-json\/wp\/v2\/product\/5779","targetHints":{"allow":["GET"]}}],"collection":[{"href":"https:\/\/starcoffee.ar\/tienda\/wp-json\/wp\/v2\/product"}],"about":[{"href":"https:\/\/starcoffee.ar\/tienda\/wp-json\/wp\/v2\/types\/product"}],"replies":[{"embeddable":true,"href":"https:\/\/starcoffee.ar\/tienda\/wp-json\/wp\/v2\/comments?post=5779"}],"wp:featuredmedia":[{"embeddable":true,"href":"https:\/\/starcoffee.ar\/tienda\/wp-json\/wp\/v2\/media\/5836"}],"wp:attachment":[{"href":"https:\/\/starcoffee.ar\/tienda\/wp-json\/wp\/v2\/media?parent=5779"}],"wp:term":[{"taxonomy":"product_brand","embeddable":true,"href":"https:\/\/starcoffee.ar\/tienda\/wp-json\/wp\/v2\/product_brand?post=5779"},{"taxonomy":"product_cat","embeddable":true,"href":"https:\/\/starcoffee.ar\/tienda\/wp-json\/wp\/v2\/product_cat?post=5779"},{"taxonomy":"product_tag","embeddable":true,"href":"https:\/\/starcoffee.ar\/tienda\/wp-json\/wp\/v2\/product_tag?post=5779"}],"curies":[{"name":"wp","href":"https:\/\/api.w.org\/{rel}","templated":true}]}}