{"id":5772,"date":"2025-06-18T20:07:02","date_gmt":"2025-06-18T20:07:02","guid":{"rendered":"https:\/\/starcoffee.ar\/tienda\/?post_type=product&#038;p=5772"},"modified":"2026-02-11T15:56:19","modified_gmt":"2026-02-11T15:56:19","slug":"saeco-royal-black","status":"publish","type":"product","link":"https:\/\/starcoffee.ar\/tienda\/product\/saeco-royal-black\/","title":{"rendered":"Saeco Royal Black"},"content":{"rendered":"<h3 data-start=\"117\" data-end=\"172\"><strong data-start=\"121\" data-end=\"172\">Saeco Royal Black \u2013 M\u00e1quina de Caf\u00e9 Profesional<\/strong><\/h3>\n<p data-start=\"174\" data-end=\"408\">La Saeco Royal Black es una cafetera superautom\u00e1tica de alto rendimiento, ideal para oficinas, eventos o espacios comerciales. Con dise\u00f1o moderno, componentes duraderos y una interfaz intuitiva, garantiza calidad en cada taza de caf\u00e9.<\/p>\n<h4 data-start=\"410\" data-end=\"447\"><strong data-start=\"415\" data-end=\"447\">Caracter\u00edsticas principales:<\/strong><\/h4>\n<ul data-start=\"448\" data-end=\"1007\">\n<li data-start=\"448\" data-end=\"529\">\n<p data-start=\"450\" data-end=\"529\"><strong data-start=\"450\" data-end=\"473\">Molinillo integrado<\/strong> con cuchillas c\u00f3nicas de acero (regulable en 8 niveles)<\/p>\n<\/li>\n<li data-start=\"530\" data-end=\"588\">\n<p data-start=\"532\" data-end=\"588\"><strong data-start=\"532\" data-end=\"560\">Pre-infusi\u00f3n electr\u00f3nica<\/strong> para un mejor aroma y sabor<\/p>\n<\/li>\n<li data-start=\"589\" data-end=\"654\">\n<p data-start=\"591\" data-end=\"654\"><strong data-start=\"591\" data-end=\"618\">Grupo de caf\u00e9 extra\u00edble<\/strong> para f\u00e1cil limpieza y mantenimiento<\/p>\n<\/li>\n<li data-start=\"655\" data-end=\"725\">\n<p data-start=\"657\" data-end=\"725\"><strong data-start=\"657\" data-end=\"686\">Dep\u00f3sito de agua de 2,5 L<\/strong> y contenedor de caf\u00e9 en grano de 600 g<\/p>\n<\/li>\n<li data-start=\"726\" data-end=\"786\">\n<p data-start=\"728\" data-end=\"786\"><strong data-start=\"728\" data-end=\"754\">Contenedor de residuos<\/strong> con capacidad para 18 servicios<\/p>\n<\/li>\n<li data-start=\"787\" data-end=\"880\">\n<p data-start=\"789\" data-end=\"880\"><strong data-start=\"789\" data-end=\"842\">Altura ajustable del pico de salida (75 a 160 mm)<\/strong> para usar con distintas tazas y vasos<\/p>\n<\/li>\n<li data-start=\"881\" data-end=\"934\">\n<p data-start=\"883\" data-end=\"934\"><strong data-start=\"883\" data-end=\"903\">Interfaz gr\u00e1fica<\/strong> con \u00edconos y mensajes de texto<\/p>\n<\/li>\n<li data-start=\"935\" data-end=\"1007\">\n<p data-start=\"937\" data-end=\"1007\"><strong data-start=\"937\" data-end=\"1007\">Configuraci\u00f3n manual de intensidad de caf\u00e9 (6 a 10 g en 7 niveles)<\/strong><\/p>\n<\/li>\n<\/ul>\n<h4 data-start=\"1009\" data-end=\"1033\"><strong data-start=\"1014\" data-end=\"1033\">Datos t\u00e9cnicos:<\/strong><\/h4>\n<ul data-start=\"1034\" data-end=\"1187\">\n<li data-start=\"1034\" data-end=\"1069\">\n<p data-start=\"1036\" data-end=\"1069\">Dimensiones: 280 x 398 x 460 mm<\/p>\n<\/li>\n<li data-start=\"1070\" data-end=\"1085\">\n<p data-start=\"1072\" data-end=\"1085\">Peso: 10 kg<\/p>\n<\/li>\n<li data-start=\"1086\" data-end=\"1126\">\n<p data-start=\"1088\" data-end=\"1126\">Alimentaci\u00f3n: 230 V \/ 50 Hz \u2013 1400 W<\/p>\n<\/li>\n<li data-start=\"1127\" data-end=\"1165\">\n<p data-start=\"1129\" data-end=\"1165\">Sistema hidr\u00e1ulico: circuito \u00fanico<\/p>\n<\/li>\n<li data-start=\"1166\" data-end=\"1187\">\n<p data-start=\"1168\" data-end=\"1187\">Color: negro mate<\/p>\n<\/li>\n<\/ul>\n<h4 data-start=\"1189\" data-end=\"1209\"><strong data-start=\"1194\" data-end=\"1209\">Importante:<\/strong><\/h4>\n<p data-start=\"1210\" data-end=\"1363\">Este modelo <strong data-start=\"1222\" data-end=\"1264\">no incluye vaporizador ni capuccinador<\/strong>. Si necesit\u00e1s preparar bebidas con leche, consult\u00e1 por los modelos <strong data-start=\"1332\" data-end=\"1346\">Royal Plus<\/strong> o <strong data-start=\"1349\" data-end=\"1362\">Royal OTC<\/strong>.<\/p>\n","protected":false},"excerpt":{"rendered":"<p>La Saeco Royal Black es una cafetera superautom\u00e1tica de alto rendimiento, ideal para oficinas, eventos o espacios comerciales. Con dise\u00f1o moderno, componentes duraderos y una interfaz intuitiva, garantiza calidad en cada taza de caf\u00e9.<\/p>\n","protected":false},"featured_media":5828,"comment_status":"open","ping_status":"closed","template":"","meta":{"_surecart_dashboard_logo_width":"180px","_surecart_dashboard_show_logo":true,"_surecart_dashboard_navigation_orders":true,"_surecart_dashboard_navigation_invoices":true,"_surecart_dashboard_navigation_subscriptions":true,"_surecart_dashboard_navigation_downloads":true,"_surecart_dashboard_navigation_billing":true,"_surecart_dashboard_navigation_account":true,"_uag_custom_page_level_css":"","site-sidebar-layout":"default","site-content-layout":"","ast-site-content-layout":"default","site-content-style":"default","site-sidebar-style":"default","ast-global-header-display":"","ast-banner-title-visibility":"","ast-main-header-display":"","ast-hfb-above-header-display":"","ast-hfb-below-header-display":"","ast-hfb-mobile-header-display":"","site-post-title":"","ast-breadcrumbs-content":"","ast-featured-img":"","footer-sml-layout":"","ast-disable-related-posts":"","theme-transparent-header-meta":"default","adv-header-id-meta":"","stick-header-meta":"","header-above-stick-meta":"","header-main-stick-meta":"","header-below-stick-meta":"","astra-migrate-meta-layouts":"set","ast-page-background-enabled":"default","ast-page-background-meta":{"desktop":{"background-color":"","background-image":"","background-repeat":"repeat","background-position":"center center","background-size":"auto","background-attachment":"scroll","background-type":"","background-media":"","overlay-type":"","overlay-color":"","overlay-opacity":"","overlay-gradient":""},"tablet":{"background-color":"","background-image":"","background-repeat":"repeat","background-position":"center center","background-size":"auto","background-attachment":"scroll","background-type":"","background-media":"","overlay-type":"","overlay-color":"","overlay-opacity":"","overlay-gradient":""},"mobile":{"background-color":"","background-image":"","background-repeat":"repeat","background-position":"center center","background-size":"auto","background-attachment":"scroll","background-type":"","background-media":"","overlay-type":"","overlay-color":"","overlay-opacity":"","overlay-gradient":""}},"ast-content-background-meta":{"desktop":{"background-color":"var(--ast-global-color-5)","background-image":"","background-repeat":"repeat","background-position":"center center","background-size":"auto","background-attachment":"scroll","background-type":"","background-media":"","overlay-type":"","overlay-color":"","overlay-opacity":"","overlay-gradient":""},"tablet":{"background-color":"var(--ast-global-color-5)","background-image":"","background-repeat":"repeat","background-position":"center center","background-size":"auto","background-attachment":"scroll","background-type":"","background-media":"","overlay-type":"","overlay-color":"","overlay-opacity":"","overlay-gradient":""},"mobile":{"background-color":"var(--ast-global-color-5)","background-image":"","background-repeat":"repeat","background-position":"center center","background-size":"auto","background-attachment":"scroll","background-type":"","background-media":"","overlay-type":"","overlay-color":"","overlay-opacity":"","overlay-gradient":""}},"_joinchat":[]},"product_brand":[53],"product_cat":[45,43,48,44,55],"product_tag":[],"class_list":{"0":"post-5772","1":"product","2":"type-product","3":"status-publish","4":"has-post-thumbnail","6":"product_brand-saeco","7":"product_cat-cafeterias","8":"product_cat-hogar","9":"product_cat-maquinas-de-cafe","10":"product_cat-oficinas","11":"product_cat-saeco","12":"desktop-align-center","13":"tablet-align-center","14":"mobile-align-center","16":"first","17":"instock","18":"featured","19":"shipping-taxable","20":"purchasable","21":"product-type-simple"},"uagb_featured_image_src":{"full":["https:\/\/starcoffee.ar\/tienda\/wp-content\/uploads\/2025\/06\/royal-black-1.png",500,520,false],"thumbnail":["https:\/\/starcoffee.ar\/tienda\/wp-content\/uploads\/2025\/06\/royal-black-1-150x150.png",150,150,true],"medium":["https:\/\/starcoffee.ar\/tienda\/wp-content\/uploads\/2025\/06\/royal-black-1-288x300.png",288,300,true],"medium_large":["https:\/\/starcoffee.ar\/tienda\/wp-content\/uploads\/2025\/06\/royal-black-1.png",500,520,false],"large":["https:\/\/starcoffee.ar\/tienda\/wp-content\/uploads\/2025\/06\/royal-black-1.png",500,520,false],"1536x1536":["https:\/\/starcoffee.ar\/tienda\/wp-content\/uploads\/2025\/06\/royal-black-1.png",500,520,false],"2048x2048":["https:\/\/starcoffee.ar\/tienda\/wp-content\/uploads\/2025\/06\/royal-black-1.png",500,520,false],"woocommerce_thumbnail":["https:\/\/starcoffee.ar\/tienda\/wp-content\/uploads\/2025\/06\/royal-black-1-300x300.png",300,300,true],"woocommerce_single":["https:\/\/starcoffee.ar\/tienda\/wp-content\/uploads\/2025\/06\/royal-black-1.png",500,520,false],"woocommerce_gallery_thumbnail":["https:\/\/starcoffee.ar\/tienda\/wp-content\/uploads\/2025\/06\/royal-black-1-100x100.png",100,100,true]},"uagb_author_info":{"display_name":"admin","author_link":"https:\/\/starcoffee.ar\/tienda\/author\/"},"uagb_comment_info":4,"uagb_excerpt":"La Saeco Royal Black es una cafetera superautom\u00e1tica de alto rendimiento, ideal para oficinas, eventos o espacios comerciales. Con dise\u00f1o moderno, componentes duraderos y una interfaz intuitiva, garantiza calidad en cada taza de caf\u00e9.","_links":{"self":[{"href":"https:\/\/starcoffee.ar\/tienda\/wp-json\/wp\/v2\/product\/5772","targetHints":{"allow":["GET"]}}],"collection":[{"href":"https:\/\/starcoffee.ar\/tienda\/wp-json\/wp\/v2\/product"}],"about":[{"href":"https:\/\/starcoffee.ar\/tienda\/wp-json\/wp\/v2\/types\/product"}],"replies":[{"embeddable":true,"href":"https:\/\/starcoffee.ar\/tienda\/wp-json\/wp\/v2\/comments?post=5772"}],"wp:featuredmedia":[{"embeddable":true,"href":"https:\/\/starcoffee.ar\/tienda\/wp-json\/wp\/v2\/media\/5828"}],"wp:attachment":[{"href":"https:\/\/starcoffee.ar\/tienda\/wp-json\/wp\/v2\/media?parent=5772"}],"wp:term":[{"taxonomy":"product_brand","embeddable":true,"href":"https:\/\/starcoffee.ar\/tienda\/wp-json\/wp\/v2\/product_brand?post=5772"},{"taxonomy":"product_cat","embeddable":true,"href":"https:\/\/starcoffee.ar\/tienda\/wp-json\/wp\/v2\/product_cat?post=5772"},{"taxonomy":"product_tag","embeddable":true,"href":"https:\/\/starcoffee.ar\/tienda\/wp-json\/wp\/v2\/product_tag?post=5772"}],"curies":[{"name":"wp","href":"https:\/\/api.w.org\/{rel}","templated":true}]}}