{"id":5748,"date":"2025-05-21T14:18:25","date_gmt":"2025-05-21T14:18:25","guid":{"rendered":"https:\/\/starcoffee.ar\/tienda\/?post_type=product&#038;p=5748"},"modified":"2025-09-16T16:28:08","modified_gmt":"2025-09-16T16:28:08","slug":"vasos-termicos-descartables-180cc-blancos-x-1000-enpolex","status":"publish","type":"product","link":"https:\/\/starcoffee.ar\/tienda\/product\/vasos-termicos-descartables-180cc-blancos-x-1000-enpolex\/","title":{"rendered":"Vasos T\u00e9rmicos Descartables 180cc Blancos X 1000 Enpolex"},"content":{"rendered":"<div id=\"comp-l30afex1\" class=\"comp-l30afex1 YzqVVZ wixui-column-strip__column\">\n<div class=\"\" data-mesh-id=\"comp-l30afex1inlineContent\" data-testid=\"inline-content\">\n<div data-mesh-id=\"comp-l30afex1inlineContent-gridContainer\" data-testid=\"mesh-container-content\">\n<div id=\"comp-l309w64s\" class=\"HcOXKn c9GqVL QxJLC3 lq2cno YQcXTT comp-l309w64s wixui-rich-text\" data-testid=\"richTextElement\">\n<h3 class=\"font_0 wixui-rich-text__text\">Para bebidas<br class=\"wixui-rich-text__text\" \/>calientes y fr\u00edas.<\/h3>\n<\/div>\n<div id=\"comp-l30amgd2\" class=\"HcOXKn c9GqVL QxJLC3 lq2cno YQcXTT comp-l30amgd2 wixui-rich-text\" data-testid=\"richTextElement\">\n<h4 class=\"font_2 wixui-rich-text__text\"><span class=\"wixui-rich-text__text\">Menor impacto ambiental y 100% reciclables.<\/span><\/h4>\n<\/div>\n<div id=\"comp-l3ymop9b\" class=\"comp-l3ymop9b SPY_vo\">\n<div class=\"\" data-mesh-id=\"comp-l3ymop9binlineContent\" data-testid=\"inline-content\">\n<div data-mesh-id=\"comp-l3ymop9binlineContent-gridContainer\" data-testid=\"mesh-container-content\">\n<div id=\"comp-l3ymopac\" class=\"MazNVa comp-l3ymopac wixui-image\">\n<div class=\"j7pOnl\" data-testid=\"linkElement\"><img decoding=\"async\" data-src=\"https:\/\/static.wixstatic.com\/media\/bc50f0_29a84ec2d686472882e1d648ab321cb6~mv2.png\/v1\/fill\/w_75,h_75,al_c,q_85,usm_0.66_1.00_0.01,enc_avif,quality_auto\/mundo.png\" data-srcset=\"https:\/\/static.wixstatic.com\/media\/bc50f0_29a84ec2d686472882e1d648ab321cb6~mv2.png\/v1\/fill\/w_75,h_75,al_c,q_85,usm_0.66_1.00_0.01,enc_avif,quality_auto\/mundo.png 1x, https:\/\/static.wixstatic.com\/media\/bc50f0_29a84ec2d686472882e1d648ab321cb6~mv2.png\/v1\/fill\/w_150,h_150,al_c,q_85,usm_0.66_1.00_0.01,enc_avif,quality_auto\/mundo.png 2x\" alt=\"telgopor cordoba EPS\" width=\"75\" height=\"75\" src=\"data:image\/svg+xml;base64,PHN2ZyB3aWR0aD0iMSIgaGVpZ2h0PSIxIiB4bWxucz0iaHR0cDovL3d3dy53My5vcmcvMjAwMC9zdmciPjwvc3ZnPg==\" class=\"lazyload\" style=\"--smush-placeholder-width: 75px; --smush-placeholder-aspect-ratio: 75\/75;\" \/><\/div>\n<\/div>\n<div id=\"comp-l3ymopah1\" class=\"MazNVa comp-l3ymopah1 wixui-image\">\n<div class=\"j7pOnl\" data-testid=\"linkElement\"><img decoding=\"async\" data-src=\"https:\/\/static.wixstatic.com\/media\/bc50f0_a99ae7a1a55841d4b53979c246e1cca8~mv2.png\/v1\/fill\/w_70,h_69,al_c,q_85,usm_0.66_1.00_0.01,enc_avif,quality_auto\/icono_reciclado.png\" data-srcset=\"https:\/\/static.wixstatic.com\/media\/bc50f0_a99ae7a1a55841d4b53979c246e1cca8~mv2.png\/v1\/fill\/w_70,h_69,al_c,q_85,usm_0.66_1.00_0.01,enc_avif,quality_auto\/icono_reciclado.png 1x, https:\/\/static.wixstatic.com\/media\/bc50f0_a99ae7a1a55841d4b53979c246e1cca8~mv2.png\/v1\/fill\/w_140,h_138,al_c,q_85,usm_0.66_1.00_0.01,enc_avif,quality_auto\/icono_reciclado.png 2x\" alt=\"telgopor cordoba EPS\" width=\"70\" height=\"69\" src=\"data:image\/svg+xml;base64,PHN2ZyB3aWR0aD0iMSIgaGVpZ2h0PSIxIiB4bWxucz0iaHR0cDovL3d3dy53My5vcmcvMjAwMC9zdmciPjwvc3ZnPg==\" class=\"lazyload\" style=\"--smush-placeholder-width: 70px; --smush-placeholder-aspect-ratio: 70\/69;\" \/><\/div>\n<\/div>\n<\/div>\n<\/div>\n<\/div>\n<\/div>\n<\/div>\n<\/div>\n<div id=\"comp-l30aff1f\" class=\"comp-l30aff1f YzqVVZ wixui-column-strip__column\">\n<div id=\"bgLayers_comp-l30aff1f\" class=\"MW5IWV\" data-hook=\"bgLayers\" data-motion-part=\"BG_LAYER comp-l30aff1f\">\n<div id=\"bgMedia_comp-l30aff1f\" class=\"VgO9Yg\" data-motion-part=\"BG_MEDIA comp-l30aff1f\"><span style=\"font-size: 16px;\">Nuestros vasos y potes t\u00e9rmicos de EPS y Polipapel para la industria alimenticia, est\u00e1n desarrollados con tecnolog\u00eda de punta a nivel internacional.<\/span><\/div>\n<\/div>\n<div class=\"\" data-mesh-id=\"comp-l30aff1finlineContent\" data-testid=\"inline-content\">\n<div data-mesh-id=\"comp-l30aff1finlineContent-gridContainer\" data-testid=\"mesh-container-content\">\n<div id=\"comp-l309xeyb\" class=\"HcOXKn c9GqVL QxJLC3 lq2cno YQcXTT comp-l309xeyb wixui-rich-text\" data-testid=\"richTextElement\">\n<p class=\"font_9 wixui-rich-text__text\">A su vez todos los productos y la materia prima para fabricarlos se encuentran homologados para el uso en envases de alimentos.<\/p>\n<\/div>\n<\/div>\n<\/div>\n<\/div>\n","protected":false},"excerpt":{"rendered":"<p>Vasos T\u00e9rmicos Descartables 180cc Blancos Enpolex por caja de 1000 unidades<\/p>\n","protected":false},"featured_media":5840,"comment_status":"open","ping_status":"closed","template":"","meta":{"_surecart_dashboard_logo_width":"180px","_surecart_dashboard_show_logo":true,"_surecart_dashboard_navigation_orders":true,"_surecart_dashboard_navigation_invoices":true,"_surecart_dashboard_navigation_subscriptions":true,"_surecart_dashboard_navigation_downloads":true,"_surecart_dashboard_navigation_billing":true,"_surecart_dashboard_navigation_account":true,"_uag_custom_page_level_css":"","site-sidebar-layout":"default","site-content-layout":"","ast-site-content-layout":"default","site-content-style":"default","site-sidebar-style":"default","ast-global-header-display":"","ast-banner-title-visibility":"","ast-main-header-display":"","ast-hfb-above-header-display":"","ast-hfb-below-header-display":"","ast-hfb-mobile-header-display":"","site-post-title":"","ast-breadcrumbs-content":"","ast-featured-img":"","footer-sml-layout":"","ast-disable-related-posts":"","theme-transparent-header-meta":"default","adv-header-id-meta":"","stick-header-meta":"","header-above-stick-meta":"","header-main-stick-meta":"","header-below-stick-meta":"","astra-migrate-meta-layouts":"set","ast-page-background-enabled":"default","ast-page-background-meta":{"desktop":{"background-color":"","background-image":"","background-repeat":"repeat","background-position":"center center","background-size":"auto","background-attachment":"scroll","background-type":"","background-media":"","overlay-type":"","overlay-color":"","overlay-opacity":"","overlay-gradient":""},"tablet":{"background-color":"","background-image":"","background-repeat":"repeat","background-position":"center center","background-size":"auto","background-attachment":"scroll","background-type":"","background-media":"","overlay-type":"","overlay-color":"","overlay-opacity":"","overlay-gradient":""},"mobile":{"background-color":"","background-image":"","background-repeat":"repeat","background-position":"center center","background-size":"auto","background-attachment":"scroll","background-type":"","background-media":"","overlay-type":"","overlay-color":"","overlay-opacity":"","overlay-gradient":""}},"ast-content-background-meta":{"desktop":{"background-color":"var(--ast-global-color-5)","background-image":"","background-repeat":"repeat","background-position":"center center","background-size":"auto","background-attachment":"scroll","background-type":"","background-media":"","overlay-type":"","overlay-color":"","overlay-opacity":"","overlay-gradient":""},"tablet":{"background-color":"var(--ast-global-color-5)","background-image":"","background-repeat":"repeat","background-position":"center center","background-size":"auto","background-attachment":"scroll","background-type":"","background-media":"","overlay-type":"","overlay-color":"","overlay-opacity":"","overlay-gradient":""},"mobile":{"background-color":"var(--ast-global-color-5)","background-image":"","background-repeat":"repeat","background-position":"center center","background-size":"auto","background-attachment":"scroll","background-type":"","background-media":"","overlay-type":"","overlay-color":"","overlay-opacity":"","overlay-gradient":""}},"_joinchat":[]},"product_brand":[],"product_cat":[40],"product_tag":[],"class_list":{"0":"post-5748","1":"product","2":"type-product","3":"status-publish","4":"has-post-thumbnail","6":"product_cat-insumos","7":"desktop-align-center","8":"tablet-align-center","9":"mobile-align-center","11":"first","12":"instock","13":"shipping-taxable","14":"purchasable","15":"product-type-simple"},"uagb_featured_image_src":{"full":["https:\/\/starcoffee.ar\/tienda\/wp-content\/uploads\/2025\/03\/vasos-1.png",537,614,false],"thumbnail":["https:\/\/starcoffee.ar\/tienda\/wp-content\/uploads\/2025\/03\/vasos-1-150x150.png",150,150,true],"medium":["https:\/\/starcoffee.ar\/tienda\/wp-content\/uploads\/2025\/03\/vasos-1-262x300.png",262,300,true],"medium_large":["https:\/\/starcoffee.ar\/tienda\/wp-content\/uploads\/2025\/03\/vasos-1.png",537,614,false],"large":["https:\/\/starcoffee.ar\/tienda\/wp-content\/uploads\/2025\/03\/vasos-1.png",537,614,false],"1536x1536":["https:\/\/starcoffee.ar\/tienda\/wp-content\/uploads\/2025\/03\/vasos-1.png",537,614,false],"2048x2048":["https:\/\/starcoffee.ar\/tienda\/wp-content\/uploads\/2025\/03\/vasos-1.png",537,614,false],"woocommerce_thumbnail":["https:\/\/starcoffee.ar\/tienda\/wp-content\/uploads\/2025\/03\/vasos-1-300x300.png",300,300,true],"woocommerce_single":["https:\/\/starcoffee.ar\/tienda\/wp-content\/uploads\/2025\/03\/vasos-1.png",537,614,false],"woocommerce_gallery_thumbnail":["https:\/\/starcoffee.ar\/tienda\/wp-content\/uploads\/2025\/03\/vasos-1-100x100.png",100,100,true]},"uagb_author_info":{"display_name":"admin","author_link":"https:\/\/starcoffee.ar\/tienda\/author\/"},"uagb_comment_info":0,"uagb_excerpt":"Vasos T\u00e9rmicos Descartables 180cc Blancos Enpolex por caja de 1000 unidades","_links":{"self":[{"href":"https:\/\/starcoffee.ar\/tienda\/wp-json\/wp\/v2\/product\/5748","targetHints":{"allow":["GET"]}}],"collection":[{"href":"https:\/\/starcoffee.ar\/tienda\/wp-json\/wp\/v2\/product"}],"about":[{"href":"https:\/\/starcoffee.ar\/tienda\/wp-json\/wp\/v2\/types\/product"}],"replies":[{"embeddable":true,"href":"https:\/\/starcoffee.ar\/tienda\/wp-json\/wp\/v2\/comments?post=5748"}],"wp:featuredmedia":[{"embeddable":true,"href":"https:\/\/starcoffee.ar\/tienda\/wp-json\/wp\/v2\/media\/5840"}],"wp:attachment":[{"href":"https:\/\/starcoffee.ar\/tienda\/wp-json\/wp\/v2\/media?parent=5748"}],"wp:term":[{"taxonomy":"product_brand","embeddable":true,"href":"https:\/\/starcoffee.ar\/tienda\/wp-json\/wp\/v2\/product_brand?post=5748"},{"taxonomy":"product_cat","embeddable":true,"href":"https:\/\/starcoffee.ar\/tienda\/wp-json\/wp\/v2\/product_cat?post=5748"},{"taxonomy":"product_tag","embeddable":true,"href":"https:\/\/starcoffee.ar\/tienda\/wp-json\/wp\/v2\/product_tag?post=5748"}],"curies":[{"name":"wp","href":"https:\/\/api.w.org\/{rel}","templated":true}]}}