{"id":5655,"date":"2025-03-11T20:06:49","date_gmt":"2025-03-11T20:06:49","guid":{"rendered":"https:\/\/starcoffee.ar\/tienda\/?post_type=product&#038;p=5655"},"modified":"2025-09-30T17:16:15","modified_gmt":"2025-09-30T17:16:15","slug":"vasos-termicos-descartables-180cc-blancos-x-1000-well-cup","status":"publish","type":"product","link":"https:\/\/starcoffee.ar\/tienda\/product\/vasos-termicos-descartables-180cc-blancos-x-1000-well-cup\/","title":{"rendered":"Vasos T\u00e9rmicos Descartables 180cc Blancos X 1000 Well Cup"},"content":{"rendered":"<p>-Los vasos termicos de EPS Well cup estan hechos para satisfacer todas las necesidades de bebidas fr\u00edas y calientes.<br \/>\n-Los vasos Well cup se presentan en distintas medidas y son ideales para caf\u00e9, gaseosa, jugo, t\u00e9, agua y otras bebidas porque mantienen la temperatura caliente o fr\u00eda y las cualidades de las bebidas por largo tiempo.<br \/>\n&#8211; Las cualidades son:<br \/>\n-Reciclables<br \/>\n-No transpiran<br \/>\n-No transmiten y conservan la temperatura<br \/>\n-No impregnan de olores ni sabores a las bebidas y a los alimentos<br \/>\n-Conservan las cualidades de las gaseosas (burbujas) por largo tiempo<br \/>\n-Pr\u00e1cticos y seguros<br \/>\n-Se pueden imprimir con logo.<br \/>\n-La medida del vaso es 7.4cm di\u00e1metro x 8.3cm alto.<\/p>\n","protected":false},"excerpt":{"rendered":"<p>Vasos t\u00e9rmicos de 180cc marca Well Cup, por caja de 1000 unidades.<\/p>\n","protected":false},"featured_media":5840,"comment_status":"open","ping_status":"closed","template":"","meta":{"_surecart_dashboard_logo_width":"180px","_surecart_dashboard_show_logo":true,"_surecart_dashboard_navigation_orders":true,"_surecart_dashboard_navigation_invoices":true,"_surecart_dashboard_navigation_subscriptions":true,"_surecart_dashboard_navigation_downloads":true,"_surecart_dashboard_navigation_billing":true,"_surecart_dashboard_navigation_account":true,"_uag_custom_page_level_css":"","site-sidebar-layout":"default","site-content-layout":"","ast-site-content-layout":"default","site-content-style":"default","site-sidebar-style":"default","ast-global-header-display":"","ast-banner-title-visibility":"","ast-main-header-display":"","ast-hfb-above-header-display":"","ast-hfb-below-header-display":"","ast-hfb-mobile-header-display":"","site-post-title":"","ast-breadcrumbs-content":"","ast-featured-img":"","footer-sml-layout":"","ast-disable-related-posts":"","theme-transparent-header-meta":"default","adv-header-id-meta":"","stick-header-meta":"","header-above-stick-meta":"","header-main-stick-meta":"","header-below-stick-meta":"","astra-migrate-meta-layouts":"set","ast-page-background-enabled":"default","ast-page-background-meta":{"desktop":{"background-color":"","background-image":"","background-repeat":"repeat","background-position":"center center","background-size":"auto","background-attachment":"scroll","background-type":"","background-media":"","overlay-type":"","overlay-color":"","overlay-opacity":"","overlay-gradient":""},"tablet":{"background-color":"","background-image":"","background-repeat":"repeat","background-position":"center center","background-size":"auto","background-attachment":"scroll","background-type":"","background-media":"","overlay-type":"","overlay-color":"","overlay-opacity":"","overlay-gradient":""},"mobile":{"background-color":"","background-image":"","background-repeat":"repeat","background-position":"center center","background-size":"auto","background-attachment":"scroll","background-type":"","background-media":"","overlay-type":"","overlay-color":"","overlay-opacity":"","overlay-gradient":""}},"ast-content-background-meta":{"desktop":{"background-color":"var(--ast-global-color-5)","background-image":"","background-repeat":"repeat","background-position":"center center","background-size":"auto","background-attachment":"scroll","background-type":"","background-media":"","overlay-type":"","overlay-color":"","overlay-opacity":"","overlay-gradient":""},"tablet":{"background-color":"var(--ast-global-color-5)","background-image":"","background-repeat":"repeat","background-position":"center center","background-size":"auto","background-attachment":"scroll","background-type":"","background-media":"","overlay-type":"","overlay-color":"","overlay-opacity":"","overlay-gradient":""},"mobile":{"background-color":"var(--ast-global-color-5)","background-image":"","background-repeat":"repeat","background-position":"center center","background-size":"auto","background-attachment":"scroll","background-type":"","background-media":"","overlay-type":"","overlay-color":"","overlay-opacity":"","overlay-gradient":""}},"_joinchat":[]},"product_brand":[],"product_cat":[40],"product_tag":[],"class_list":{"0":"post-5655","1":"product","2":"type-product","3":"status-publish","4":"has-post-thumbnail","6":"product_cat-insumos","7":"desktop-align-center","8":"tablet-align-center","9":"mobile-align-center","11":"first","12":"instock","13":"shipping-taxable","14":"purchasable","15":"product-type-simple"},"uagb_featured_image_src":{"full":["https:\/\/starcoffee.ar\/tienda\/wp-content\/uploads\/2025\/03\/vasos-1.png",537,614,false],"thumbnail":["https:\/\/starcoffee.ar\/tienda\/wp-content\/uploads\/2025\/03\/vasos-1-150x150.png",150,150,true],"medium":["https:\/\/starcoffee.ar\/tienda\/wp-content\/uploads\/2025\/03\/vasos-1-262x300.png",262,300,true],"medium_large":["https:\/\/starcoffee.ar\/tienda\/wp-content\/uploads\/2025\/03\/vasos-1.png",537,614,false],"large":["https:\/\/starcoffee.ar\/tienda\/wp-content\/uploads\/2025\/03\/vasos-1.png",537,614,false],"1536x1536":["https:\/\/starcoffee.ar\/tienda\/wp-content\/uploads\/2025\/03\/vasos-1.png",537,614,false],"2048x2048":["https:\/\/starcoffee.ar\/tienda\/wp-content\/uploads\/2025\/03\/vasos-1.png",537,614,false],"woocommerce_thumbnail":["https:\/\/starcoffee.ar\/tienda\/wp-content\/uploads\/2025\/03\/vasos-1-300x300.png",300,300,true],"woocommerce_single":["https:\/\/starcoffee.ar\/tienda\/wp-content\/uploads\/2025\/03\/vasos-1.png",537,614,false],"woocommerce_gallery_thumbnail":["https:\/\/starcoffee.ar\/tienda\/wp-content\/uploads\/2025\/03\/vasos-1-100x100.png",100,100,true]},"uagb_author_info":{"display_name":"admin","author_link":"https:\/\/starcoffee.ar\/tienda\/author\/"},"uagb_comment_info":0,"uagb_excerpt":"Vasos t\u00e9rmicos de 180cc marca Well Cup, por caja de 1000 unidades.","_links":{"self":[{"href":"https:\/\/starcoffee.ar\/tienda\/wp-json\/wp\/v2\/product\/5655","targetHints":{"allow":["GET"]}}],"collection":[{"href":"https:\/\/starcoffee.ar\/tienda\/wp-json\/wp\/v2\/product"}],"about":[{"href":"https:\/\/starcoffee.ar\/tienda\/wp-json\/wp\/v2\/types\/product"}],"replies":[{"embeddable":true,"href":"https:\/\/starcoffee.ar\/tienda\/wp-json\/wp\/v2\/comments?post=5655"}],"wp:featuredmedia":[{"embeddable":true,"href":"https:\/\/starcoffee.ar\/tienda\/wp-json\/wp\/v2\/media\/5840"}],"wp:attachment":[{"href":"https:\/\/starcoffee.ar\/tienda\/wp-json\/wp\/v2\/media?parent=5655"}],"wp:term":[{"taxonomy":"product_brand","embeddable":true,"href":"https:\/\/starcoffee.ar\/tienda\/wp-json\/wp\/v2\/product_brand?post=5655"},{"taxonomy":"product_cat","embeddable":true,"href":"https:\/\/starcoffee.ar\/tienda\/wp-json\/wp\/v2\/product_cat?post=5655"},{"taxonomy":"product_tag","embeddable":true,"href":"https:\/\/starcoffee.ar\/tienda\/wp-json\/wp\/v2\/product_tag?post=5655"}],"curies":[{"name":"wp","href":"https:\/\/api.w.org\/{rel}","templated":true}]}}