{"id":5579,"date":"2024-10-04T23:11:09","date_gmt":"2024-10-04T23:11:09","guid":{"rendered":"https:\/\/starcoffee.ar\/tienda\/?post_type=product&#038;p=5579"},"modified":"2026-02-05T13:59:54","modified_gmt":"2026-02-05T13:59:54","slug":"necta-kalea-plus-es3rsm-raq","status":"publish","type":"product","link":"https:\/\/starcoffee.ar\/tienda\/product\/necta-kalea-plus-es3rsm-raq\/","title":{"rendered":"Necta Kalea Plus"},"content":{"rendered":"<div style=\"text-align: left;\">\n<div class=\"field field--name-body field--type-text-with-summary field--label-hidden field--item\">\n<p>Solo un toque, y obtenemos una bebida de alta calidad con Kalea Plus. Kalea Plus utiliza tecnolog\u00eda de vanguardia junto con la herencia del espresso, el gusto y la cultura italianos. El rendimiento y la velocidad excepcionales satisfar\u00e1n incluso a los clientes m\u00e1s exigentes. Kalea Plus permite la creaci\u00f3n de un men\u00fa de caf\u00e9 personalizado: un placer \u00fanico sorbo tras sorbo.<\/p>\n<\/div>\n<\/div>\n","protected":false},"excerpt":{"rendered":"<p>Solo un toque, y obtenemos una bebida de alta calidad con Kalea Plus. Kalea Plus utiliza tecnolog\u00eda de vanguardia junto con la herencia del espresso, el gusto y la cultura italianos. El rendimiento y la velocidad excepcionales satisfar\u00e1n incluso a los clientes m\u00e1s exigentes. Kalea Plus permite la creaci\u00f3n de un men\u00fa de caf\u00e9 personalizado: [&hellip;]<\/p>\n","protected":false},"featured_media":5601,"comment_status":"open","ping_status":"closed","template":"","meta":{"_surecart_dashboard_logo_width":"180px","_surecart_dashboard_show_logo":true,"_surecart_dashboard_navigation_orders":true,"_surecart_dashboard_navigation_invoices":true,"_surecart_dashboard_navigation_subscriptions":true,"_surecart_dashboard_navigation_downloads":true,"_surecart_dashboard_navigation_billing":true,"_surecart_dashboard_navigation_account":true,"_uag_custom_page_level_css":"","site-sidebar-layout":"default","site-content-layout":"","ast-site-content-layout":"default","site-content-style":"default","site-sidebar-style":"default","ast-global-header-display":"","ast-banner-title-visibility":"","ast-main-header-display":"","ast-hfb-above-header-display":"","ast-hfb-below-header-display":"","ast-hfb-mobile-header-display":"","site-post-title":"","ast-breadcrumbs-content":"","ast-featured-img":"","footer-sml-layout":"","ast-disable-related-posts":"","theme-transparent-header-meta":"default","adv-header-id-meta":"","stick-header-meta":"","header-above-stick-meta":"","header-main-stick-meta":"","header-below-stick-meta":"","astra-migrate-meta-layouts":"set","ast-page-background-enabled":"default","ast-page-background-meta":{"desktop":{"background-color":"","background-image":"","background-repeat":"repeat","background-position":"center center","background-size":"auto","background-attachment":"scroll","background-type":"","background-media":"","overlay-type":"","overlay-color":"","overlay-opacity":"","overlay-gradient":""},"tablet":{"background-color":"","background-image":"","background-repeat":"repeat","background-position":"center center","background-size":"auto","background-attachment":"scroll","background-type":"","background-media":"","overlay-type":"","overlay-color":"","overlay-opacity":"","overlay-gradient":""},"mobile":{"background-color":"","background-image":"","background-repeat":"repeat","background-position":"center center","background-size":"auto","background-attachment":"scroll","background-type":"","background-media":"","overlay-type":"","overlay-color":"","overlay-opacity":"","overlay-gradient":""}},"ast-content-background-meta":{"desktop":{"background-color":"var(--ast-global-color-5)","background-image":"","background-repeat":"repeat","background-position":"center center","background-size":"auto","background-attachment":"scroll","background-type":"","background-media":"","overlay-type":"","overlay-color":"","overlay-opacity":"","overlay-gradient":""},"tablet":{"background-color":"var(--ast-global-color-5)","background-image":"","background-repeat":"repeat","background-position":"center center","background-size":"auto","background-attachment":"scroll","background-type":"","background-media":"","overlay-type":"","overlay-color":"","overlay-opacity":"","overlay-gradient":""},"mobile":{"background-color":"var(--ast-global-color-5)","background-image":"","background-repeat":"repeat","background-position":"center center","background-size":"auto","background-attachment":"scroll","background-type":"","background-media":"","overlay-type":"","overlay-color":"","overlay-opacity":"","overlay-gradient":""}},"_joinchat":[]},"product_brand":[49],"product_cat":[45,48,56],"product_tag":[],"class_list":{"0":"post-5579","1":"product","2":"type-product","3":"status-publish","4":"has-post-thumbnail","6":"product_brand-necta","7":"product_cat-cafeterias","8":"product_cat-maquinas-de-cafe","9":"product_cat-necta","10":"desktop-align-center","11":"tablet-align-center","12":"mobile-align-center","14":"first","15":"instock","16":"shipping-taxable","17":"purchasable","18":"product-type-simple"},"uagb_featured_image_src":{"full":["https:\/\/starcoffee.ar\/tienda\/wp-content\/uploads\/2024\/10\/Kalea_plus_hero-1.png",1000,1200,false],"thumbnail":["https:\/\/starcoffee.ar\/tienda\/wp-content\/uploads\/2024\/10\/Kalea_plus_hero-1-150x150.png",150,150,true],"medium":["https:\/\/starcoffee.ar\/tienda\/wp-content\/uploads\/2024\/10\/Kalea_plus_hero-1-250x300.png",250,300,true],"medium_large":["https:\/\/starcoffee.ar\/tienda\/wp-content\/uploads\/2024\/10\/Kalea_plus_hero-1-768x922.png",768,922,true],"large":["https:\/\/starcoffee.ar\/tienda\/wp-content\/uploads\/2024\/10\/Kalea_plus_hero-1-853x1024.png",853,1024,true],"1536x1536":["https:\/\/starcoffee.ar\/tienda\/wp-content\/uploads\/2024\/10\/Kalea_plus_hero-1.png",1000,1200,false],"2048x2048":["https:\/\/starcoffee.ar\/tienda\/wp-content\/uploads\/2024\/10\/Kalea_plus_hero-1.png",1000,1200,false],"woocommerce_thumbnail":["https:\/\/starcoffee.ar\/tienda\/wp-content\/uploads\/2024\/10\/Kalea_plus_hero-1-300x300.png",300,300,true],"woocommerce_single":["https:\/\/starcoffee.ar\/tienda\/wp-content\/uploads\/2024\/10\/Kalea_plus_hero-1-600x720.png",600,720,true],"woocommerce_gallery_thumbnail":["https:\/\/starcoffee.ar\/tienda\/wp-content\/uploads\/2024\/10\/Kalea_plus_hero-1-100x100.png",100,100,true]},"uagb_author_info":{"display_name":"admin","author_link":"https:\/\/starcoffee.ar\/tienda\/author\/"},"uagb_comment_info":0,"uagb_excerpt":"Solo un toque, y obtenemos una bebida de alta calidad con Kalea Plus. Kalea Plus utiliza tecnolog\u00eda de vanguardia junto con la herencia del espresso, el gusto y la cultura italianos. El rendimiento y la velocidad excepcionales satisfar\u00e1n incluso a los clientes m\u00e1s exigentes. Kalea Plus permite la creaci\u00f3n de un men\u00fa de caf\u00e9 personalizado:&hellip;","_links":{"self":[{"href":"https:\/\/starcoffee.ar\/tienda\/wp-json\/wp\/v2\/product\/5579","targetHints":{"allow":["GET"]}}],"collection":[{"href":"https:\/\/starcoffee.ar\/tienda\/wp-json\/wp\/v2\/product"}],"about":[{"href":"https:\/\/starcoffee.ar\/tienda\/wp-json\/wp\/v2\/types\/product"}],"replies":[{"embeddable":true,"href":"https:\/\/starcoffee.ar\/tienda\/wp-json\/wp\/v2\/comments?post=5579"}],"wp:featuredmedia":[{"embeddable":true,"href":"https:\/\/starcoffee.ar\/tienda\/wp-json\/wp\/v2\/media\/5601"}],"wp:attachment":[{"href":"https:\/\/starcoffee.ar\/tienda\/wp-json\/wp\/v2\/media?parent=5579"}],"wp:term":[{"taxonomy":"product_brand","embeddable":true,"href":"https:\/\/starcoffee.ar\/tienda\/wp-json\/wp\/v2\/product_brand?post=5579"},{"taxonomy":"product_cat","embeddable":true,"href":"https:\/\/starcoffee.ar\/tienda\/wp-json\/wp\/v2\/product_cat?post=5579"},{"taxonomy":"product_tag","embeddable":true,"href":"https:\/\/starcoffee.ar\/tienda\/wp-json\/wp\/v2\/product_tag?post=5579"}],"curies":[{"name":"wp","href":"https:\/\/api.w.org\/{rel}","templated":true}]}}