{"id":5565,"date":"2024-10-04T23:11:08","date_gmt":"2024-10-04T23:11:08","guid":{"rendered":"https:\/\/starcoffee.ar\/tienda\/?post_type=product&#038;p=5565"},"modified":"2025-11-17T23:50:15","modified_gmt":"2025-11-17T23:50:15","slug":"necta-easy","status":"publish","type":"product","link":"https:\/\/starcoffee.ar\/tienda\/product\/necta-easy\/","title":{"rendered":"Necta Easy"},"content":{"rendered":"<h1 data-start=\"201\" data-end=\"282\"><strong data-start=\"203\" data-end=\"282\">Necta Easy \u2013 Compacta, potente y perfecta para oficinas y hogares exigentes<\/strong><\/h1>\n<p data-start=\"284\" data-end=\"567\">La <strong data-start=\"287\" data-end=\"301\">Necta Easy<\/strong> es la m\u00e1quina ideal para quienes buscan variedad, rapidez y calidad en un formato compacto. Pensada para familias, oficinas o equipos de trabajo que quieren disfrutar un buen caf\u00e9 sin complicaciones, ofrece <strong data-start=\"509\" data-end=\"541\">seis selecciones autom\u00e1ticas<\/strong> para preparar f\u00e1cilmente:<\/p>\n<ul data-start=\"569\" data-end=\"655\">\n<li data-start=\"569\" data-end=\"581\">\n<p data-start=\"571\" data-end=\"581\">Espresso<\/p>\n<\/li>\n<li data-start=\"582\" data-end=\"596\">\n<p data-start=\"584\" data-end=\"596\">Caf\u00e9 largo<\/p>\n<\/li>\n<li data-start=\"597\" data-end=\"615\">\n<p data-start=\"599\" data-end=\"615\">Caf\u00e9 con leche<\/p>\n<\/li>\n<li data-start=\"616\" data-end=\"629\">\n<p data-start=\"618\" data-end=\"629\">Capuchino<\/p>\n<\/li>\n<li data-start=\"630\" data-end=\"643\">\n<p data-start=\"632\" data-end=\"643\">Mocaccino<\/p>\n<\/li>\n<li data-start=\"644\" data-end=\"655\">\n<p data-start=\"646\" data-end=\"655\">Chocolate<\/p>\n<\/li>\n<\/ul>\n<p data-start=\"657\" data-end=\"887\">Gracias a sus <strong data-start=\"671\" data-end=\"715\">dos contenedores para productos solubles<\/strong>, su sistema de <strong data-start=\"731\" data-end=\"767\">c\u00e1psulas con bandeja recolectora<\/strong> y su potente <strong data-start=\"781\" data-end=\"803\">caldera de presi\u00f3n<\/strong>, la Necta Easy garantiza bebidas cremosas y con sabor puro, sin mezclas indeseadas.<\/p>\n<p data-start=\"889\" data-end=\"1006\">Perfecta para acompa\u00f1ar momentos de pausa, reuniones y espacios comunes.<br data-start=\"961\" data-end=\"964\" \/>Simple en su uso. Imbatible en resultados.<\/p>\n<hr data-start=\"1008\" data-end=\"1011\" \/>\n<h2 data-start=\"1013\" data-end=\"1047\"><strong data-start=\"1016\" data-end=\"1047\">Caracter\u00edsticas principales<\/strong><\/h2>\n<ul data-start=\"1048\" data-end=\"1467\">\n<li data-start=\"1048\" data-end=\"1096\">\n<p data-start=\"1050\" data-end=\"1096\">6 teclas de selecci\u00f3n para bebidas calientes<\/p>\n<\/li>\n<li data-start=\"1097\" data-end=\"1156\">\n<p data-start=\"1099\" data-end=\"1156\">Sistema de c\u00e1psulas con dep\u00f3sito para hasta 25 unidades<\/p>\n<\/li>\n<li data-start=\"1157\" data-end=\"1189\">\n<p data-start=\"1159\" data-end=\"1189\">2 contenedores para solubles<\/p>\n<\/li>\n<li data-start=\"1190\" data-end=\"1240\">\n<p data-start=\"1192\" data-end=\"1240\">Caldera de presi\u00f3n para m\u00e1xima calidad en caf\u00e9<\/p>\n<\/li>\n<li data-start=\"1241\" data-end=\"1282\">\n<p data-start=\"1243\" data-end=\"1282\">Control de temperatura con termostato<\/p>\n<\/li>\n<li data-start=\"1283\" data-end=\"1323\">\n<p data-start=\"1285\" data-end=\"1323\">Control electr\u00f3nico de falta de agua<\/p>\n<\/li>\n<li data-start=\"1324\" data-end=\"1365\">\n<p data-start=\"1326\" data-end=\"1365\">Dosificaci\u00f3n volum\u00e9trica con Chipcard<\/p>\n<\/li>\n<li data-start=\"1366\" data-end=\"1404\">\n<p data-start=\"1368\" data-end=\"1404\">Dep\u00f3sito de agua de <strong data-start=\"1388\" data-end=\"1402\">3.6 litros<\/strong><\/p>\n<\/li>\n<li data-start=\"1405\" data-end=\"1428\">\n<p data-start=\"1407\" data-end=\"1428\">Potencia: <strong data-start=\"1417\" data-end=\"1426\">1400W<\/strong><\/p>\n<\/li>\n<li data-start=\"1429\" data-end=\"1467\">\n<p data-start=\"1431\" data-end=\"1467\">Alimentaci\u00f3n: <strong data-start=\"1445\" data-end=\"1467\">220\/240V \u2013 50\/60Hz<\/strong><\/p>\n<\/li>\n<\/ul>\n<hr data-start=\"1469\" data-end=\"1472\" \/>\n<h2 data-start=\"1474\" data-end=\"1492\"><strong data-start=\"1477\" data-end=\"1492\">Dimensiones<\/strong><\/h2>\n<ul data-start=\"1493\" data-end=\"1580\">\n<li data-start=\"1493\" data-end=\"1512\">\n<p data-start=\"1495\" data-end=\"1512\"><strong data-start=\"1495\" data-end=\"1504\">Alto:<\/strong> 53 cm<\/p>\n<\/li>\n<li data-start=\"1513\" data-end=\"1533\">\n<p data-start=\"1515\" data-end=\"1533\"><strong data-start=\"1515\" data-end=\"1525\">Ancho:<\/strong> 29 cm<\/p>\n<\/li>\n<li data-start=\"1534\" data-end=\"1560\">\n<p data-start=\"1536\" data-end=\"1560\"><strong data-start=\"1536\" data-end=\"1552\">Profundidad:<\/strong> 34 cm<\/p>\n<\/li>\n<li data-start=\"1561\" data-end=\"1580\">\n<p data-start=\"1563\" data-end=\"1580\"><strong data-start=\"1563\" data-end=\"1572\">Peso:<\/strong> 13 kg<\/p>\n<\/li>\n<\/ul>\n","protected":false},"excerpt":{"rendered":"<p>Necta Easy, disponible originalmente para trabajar con capsulas Expreso Point y Nespresso. Ofrecemos ademas, una versi\u00f3n adaptada para trabajar con productos solubles, lo que permite potenciar enormemente la labor de este modelo.<\/p>\n<p>Ademas de las infusiones disponibles por capsulas, esta m\u00e1quina viene configurada con las siguientes infusiones:<\/p>\n<ul>\n<li>Caf\u00e9<\/li>\n<li>Caf\u00e9 Doble<\/li>\n<li>Caf\u00e9 Cortado<\/li>\n<li>Caf\u00e9 con Leche<\/li>\n<li>Lagrima<\/li>\n<\/ul>\n","protected":false},"featured_media":5869,"comment_status":"open","ping_status":"closed","template":"","meta":{"_surecart_dashboard_logo_width":"180px","_surecart_dashboard_show_logo":true,"_surecart_dashboard_navigation_orders":true,"_surecart_dashboard_navigation_invoices":true,"_surecart_dashboard_navigation_subscriptions":true,"_surecart_dashboard_navigation_downloads":true,"_surecart_dashboard_navigation_billing":true,"_surecart_dashboard_navigation_account":true,"_uag_custom_page_level_css":"","site-sidebar-layout":"default","site-content-layout":"","ast-site-content-layout":"default","site-content-style":"default","site-sidebar-style":"default","ast-global-header-display":"","ast-banner-title-visibility":"","ast-main-header-display":"","ast-hfb-above-header-display":"","ast-hfb-below-header-display":"","ast-hfb-mobile-header-display":"","site-post-title":"","ast-breadcrumbs-content":"","ast-featured-img":"","footer-sml-layout":"","ast-disable-related-posts":"","theme-transparent-header-meta":"default","adv-header-id-meta":"","stick-header-meta":"","header-above-stick-meta":"","header-main-stick-meta":"","header-below-stick-meta":"","astra-migrate-meta-layouts":"set","ast-page-background-enabled":"default","ast-page-background-meta":{"desktop":{"background-color":"","background-image":"","background-repeat":"repeat","background-position":"center center","background-size":"auto","background-attachment":"scroll","background-type":"","background-media":"","overlay-type":"","overlay-color":"","overlay-opacity":"","overlay-gradient":""},"tablet":{"background-color":"","background-image":"","background-repeat":"repeat","background-position":"center center","background-size":"auto","background-attachment":"scroll","background-type":"","background-media":"","overlay-type":"","overlay-color":"","overlay-opacity":"","overlay-gradient":""},"mobile":{"background-color":"","background-image":"","background-repeat":"repeat","background-position":"center center","background-size":"auto","background-attachment":"scroll","background-type":"","background-media":"","overlay-type":"","overlay-color":"","overlay-opacity":"","overlay-gradient":""}},"ast-content-background-meta":{"desktop":{"background-color":"var(--ast-global-color-5)","background-image":"","background-repeat":"repeat","background-position":"center center","background-size":"auto","background-attachment":"scroll","background-type":"","background-media":"","overlay-type":"","overlay-color":"","overlay-opacity":"","overlay-gradient":""},"tablet":{"background-color":"var(--ast-global-color-5)","background-image":"","background-repeat":"repeat","background-position":"center center","background-size":"auto","background-attachment":"scroll","background-type":"","background-media":"","overlay-type":"","overlay-color":"","overlay-opacity":"","overlay-gradient":""},"mobile":{"background-color":"var(--ast-global-color-5)","background-image":"","background-repeat":"repeat","background-position":"center center","background-size":"auto","background-attachment":"scroll","background-type":"","background-media":"","overlay-type":"","overlay-color":"","overlay-opacity":"","overlay-gradient":""}},"_joinchat":[]},"product_brand":[49],"product_cat":[42,48,56,44],"product_tag":[],"class_list":{"0":"post-5565","1":"product","2":"type-product","3":"status-publish","4":"has-post-thumbnail","6":"product_brand-necta","7":"product_cat-comercios","8":"product_cat-maquinas-de-cafe","9":"product_cat-necta","10":"product_cat-oficinas","11":"desktop-align-center","12":"tablet-align-center","13":"mobile-align-center","15":"first","16":"instock","17":"sale","18":"shipping-taxable","19":"purchasable","20":"product-type-simple"},"uagb_featured_image_src":{"full":["https:\/\/starcoffee.ar\/tienda\/wp-content\/uploads\/2024\/10\/easy-8.png",1160,1680,false],"thumbnail":["https:\/\/starcoffee.ar\/tienda\/wp-content\/uploads\/2024\/10\/easy-8-150x150.png",150,150,true],"medium":["https:\/\/starcoffee.ar\/tienda\/wp-content\/uploads\/2024\/10\/easy-8-207x300.png",207,300,true],"medium_large":["https:\/\/starcoffee.ar\/tienda\/wp-content\/uploads\/2024\/10\/easy-8-768x1112.png",768,1112,true],"large":["https:\/\/starcoffee.ar\/tienda\/wp-content\/uploads\/2024\/10\/easy-8-707x1024.png",707,1024,true],"1536x1536":["https:\/\/starcoffee.ar\/tienda\/wp-content\/uploads\/2024\/10\/easy-8-1061x1536.png",1061,1536,true],"2048x2048":["https:\/\/starcoffee.ar\/tienda\/wp-content\/uploads\/2024\/10\/easy-8.png",1160,1680,false],"woocommerce_thumbnail":["https:\/\/starcoffee.ar\/tienda\/wp-content\/uploads\/2024\/10\/easy-8-300x300.png",300,300,true],"woocommerce_single":["https:\/\/starcoffee.ar\/tienda\/wp-content\/uploads\/2024\/10\/easy-8-600x869.png",600,869,true],"woocommerce_gallery_thumbnail":["https:\/\/starcoffee.ar\/tienda\/wp-content\/uploads\/2024\/10\/easy-8-100x100.png",100,100,true]},"uagb_author_info":{"display_name":"admin","author_link":"https:\/\/starcoffee.ar\/tienda\/author\/"},"uagb_comment_info":4,"uagb_excerpt":"Necta Easy, disponible originalmente para trabajar con capsulas Expreso Point y Nespresso. Ofrecemos ademas, una versi\u00f3n adaptada para trabajar con productos solubles, lo que permite potenciar enormemente la labor de este modelo. Ademas de las infusiones disponibles por capsulas, esta m\u00e1quina viene configurada con las siguientes infusiones: Caf\u00e9 Caf\u00e9 Doble Caf\u00e9 Cortado Caf\u00e9 con Leche&hellip;","_links":{"self":[{"href":"https:\/\/starcoffee.ar\/tienda\/wp-json\/wp\/v2\/product\/5565","targetHints":{"allow":["GET"]}}],"collection":[{"href":"https:\/\/starcoffee.ar\/tienda\/wp-json\/wp\/v2\/product"}],"about":[{"href":"https:\/\/starcoffee.ar\/tienda\/wp-json\/wp\/v2\/types\/product"}],"replies":[{"embeddable":true,"href":"https:\/\/starcoffee.ar\/tienda\/wp-json\/wp\/v2\/comments?post=5565"}],"wp:featuredmedia":[{"embeddable":true,"href":"https:\/\/starcoffee.ar\/tienda\/wp-json\/wp\/v2\/media\/5869"}],"wp:attachment":[{"href":"https:\/\/starcoffee.ar\/tienda\/wp-json\/wp\/v2\/media?parent=5565"}],"wp:term":[{"taxonomy":"product_brand","embeddable":true,"href":"https:\/\/starcoffee.ar\/tienda\/wp-json\/wp\/v2\/product_brand?post=5565"},{"taxonomy":"product_cat","embeddable":true,"href":"https:\/\/starcoffee.ar\/tienda\/wp-json\/wp\/v2\/product_cat?post=5565"},{"taxonomy":"product_tag","embeddable":true,"href":"https:\/\/starcoffee.ar\/tienda\/wp-json\/wp\/v2\/product_tag?post=5565"}],"curies":[{"name":"wp","href":"https:\/\/api.w.org\/{rel}","templated":true}]}}